{"id":32612,"date":"2026-04-27T11:15:58","date_gmt":"2026-04-27T11:15:58","guid":{"rendered":"https:\/\/intoconcept.com\/?page_id=32612"},"modified":"2026-04-27T11:53:31","modified_gmt":"2026-04-27T11:53:31","slug":"anweisungen-fur-die-ankunft","status":"publish","type":"page","link":"https:\/\/intoconcept.com\/de\/saapumisohjeet\/","title":{"rendered":"INTO Concept showroom saapumisohjeet"},"content":{"rendered":"<div data-elementor-type=\"wp-post\" data-elementor-id=\"32612\" class=\"elementor elementor-32612\" data-elementor-post-type=\"page\">\n\t\t\t\t<div class=\"elementor-element elementor-element-162e9886 e-flex e-con-boxed e-con e-parent\" data-id=\"162e9886\" data-element_type=\"container\" data-e-type=\"container\" data-settings=\"{&quot;background_background&quot;:&quot;classic&quot;}\">\n\t\t\t\t\t<div class=\"e-con-inner\">\n\t\t<div class=\"elementor-element elementor-element-44c14888 e-con-full e-flex e-con e-child\" data-id=\"44c14888\" data-element_type=\"container\" data-e-type=\"container\">\n\t\t\t\t<div class=\"elementor-element elementor-element-29d0d3a6 elementor-widget elementor-widget-heading\" data-id=\"29d0d3a6\" data-element_type=\"widget\" data-e-type=\"widget\" data-widget_type=\"heading.default\">\n\t\t\t\t\t<h1 class=\"elementor-heading-title elementor-size-default\">VALLILA-AUSSTELLUNGSRAUM<\/h1>\t\t\t\t<\/div>\n\t\t\t\t<div class=\"elementor-element elementor-element-6a15a93 elementor-widget-divider--view-line elementor-widget elementor-widget-divider\" data-id=\"6a15a93\" data-element_type=\"widget\" data-e-type=\"widget\" data-widget_type=\"divider.default\">\n\t\t\t\t\t\t\t<div class=\"elementor-divider\">\n\t\t\t<span class=\"elementor-divider-separator\">\n\t\t\t\t\t\t<\/span>\n\t\t<\/div>\n\t\t\t\t\t\t<\/div>\n\t\t\t\t<div class=\"elementor-element elementor-element-6e8366b elementor-widget elementor-widget-text-editor\" data-id=\"6e8366b\" data-element_type=\"widget\" data-e-type=\"widget\" data-widget_type=\"text-editor.default\">\n\t\t\t\t\t\t\t\t\t<p><span data-teams=\"true\">Kommen Sie und sehen Sie sich unsere Produkte in unserem Ausstellungsraum in Vallila an. Siehe unten f\u00fcr eine Wegbeschreibung.<\/span><\/p>\t\t\t\t\t\t\t\t<\/div>\n\t\t\t\t<div class=\"elementor-element elementor-element-3522ed4 elementor-widget elementor-widget-button\" data-id=\"3522ed4\" data-element_type=\"widget\" data-e-type=\"widget\" data-widget_type=\"button.default\">\n\t\t\t\t\t\t\t\t\t\t<a class=\"elementor-button elementor-button-link elementor-size-sm\" href=\"mailto:contact@intoconcept.com\">\n\t\t\t\t\t\t<span class=\"elementor-button-content-wrapper\">\n\t\t\t\t\t\t\t\t\t<span class=\"elementor-button-text\">KONTAKT<\/span>\n\t\t\t\t\t<\/span>\n\t\t\t\t\t<\/a>\n\t\t\t\t\t\t\t\t<\/div>\n\t\t\t\t<\/div>\n\t\t\t\t\t<\/div>\n\t\t\t\t<\/div>\n\t\t<div class=\"elementor-element elementor-element-6540d62 e-flex e-con-boxed e-con e-parent\" data-id=\"6540d62\" data-element_type=\"container\" data-e-type=\"container\">\n\t\t\t\t\t<div class=\"e-con-inner\">\n\t\t\t\t<div class=\"elementor-element elementor-element-9c28105 elementor-widget elementor-widget-heading\" data-id=\"9c28105\" data-element_type=\"widget\" data-e-type=\"widget\" data-widget_type=\"heading.default\">\n\t\t\t\t\t<h2 class=\"elementor-heading-title elementor-size-default\">ANREISEHINWEISE<\/h2>\t\t\t\t<\/div>\n\t\t\t\t\t<\/div>\n\t\t\t\t<\/div>\n\t\t<div class=\"elementor-element elementor-element-007fab6 e-flex e-con-boxed e-con e-parent\" data-id=\"007fab6\" data-element_type=\"container\" data-e-type=\"container\">\n\t\t\t\t\t<div class=\"e-con-inner\">\n\t\t\t\t<div class=\"elementor-element elementor-element-d57d5df elementor-widget elementor-widget-text-editor\" data-id=\"d57d5df\" data-element_type=\"widget\" data-e-type=\"widget\" data-widget_type=\"text-editor.default\">\n\t\t\t\t\t\t\t\t\t<p data-start=\"59\" data-end=\"135\"><strong>INTO Konzept Showroom<\/strong><br data-start=\"101\" data-end=\"104\" \/><strong>Lemuntie 3-5 C<\/strong><br data-start=\"118\" data-end=\"121\" \/><strong>00510 Helsinki<\/strong><\/p><p data-start=\"137\" data-end=\"209\">Der Ausstellungsraum befindet sich in der Gegend von Vallila mit guter Verkehrsanbindung.<\/p><p data-start=\"211\" data-end=\"394\"><strong data-start=\"211\" data-end=\"241\">Mit \u00f6ffentlichen Verkehrsmitteln<\/strong><\/p><p data-start=\"39\" data-end=\"182\">Der Ausstellungsraum ist am einfachsten \u00fcber die M\u00e4kel\u00e4nkatu oder die Sturenkatu zu erreichen, die nur einen kurzen Fu\u00dfweg von Lemunti entfernt sind. F\u00fcr Stra\u00dfenbahnen <strong data-start=\"200\" data-end=\"218\">Zeilen 1 und 7<\/strong> laufen entlang der M\u00e4kel\u00e4nkatu.<\/p><p data-start=\"556\" data-end=\"705\">Die M\u00e4kel\u00e4nkatu ist eine der Hauptverkehrsstra\u00dfen Helsinkis, die von mehreren Buslinien aus verschiedenen Richtungen befahren wird. Auch entlang der Sturenkatu gibt es stadt\u00fcbergreifende Linien.<\/p><p data-start=\"707\" data-end=\"888\">Steigen Sie an der Haltestelle Hattulankatu aus und gehen Sie etwa 3-8 Minuten zu Fu\u00df nach Lemuntie.<\/p><p data-start=\"484\" data-end=\"676\"><strong data-start=\"484\" data-end=\"506\">F\u00fcr diejenigen, die mit dem Auto anreisen<\/strong><br data-start=\"506\" data-end=\"509\" \/>Geb\u00fchrenpflichtige Parkpl\u00e4tze auf der Stra\u00dfe.<\/p><p data-start=\"678\" data-end=\"844\"><strong data-start=\"678\" data-end=\"694\">Eingang<\/strong><br data-start=\"694\" data-end=\"697\" \/>Wenn Sie am Haupteingang des Geb\u00e4udes Vallila Akseli &amp; Elina in der Lemuntie 3-5 A ankommen, betreten Sie die Lobby und <strong>Tel. +358 40 670 7819<\/strong> und wir werden Sie treffen. <br \/>Unser Ausstellungsraum befindet sich auf der Hofseite des Geb\u00e4udes im Fl\u00fcgel C.<\/p>\t\t\t\t\t\t\t\t<\/div>\n\t\t<div class=\"elementor-element elementor-element-968d2c6 e-con-full e-flex e-con e-child\" data-id=\"968d2c6\" data-element_type=\"container\" data-e-type=\"container\">\n\t\t\t\t<div class=\"elementor-element elementor-element-fba8e87 elementor-widget elementor-widget-image\" data-id=\"fba8e87\" data-element_type=\"widget\" data-e-type=\"widget\" data-widget_type=\"image.default\">\n\t\t\t\t\t\t\t\t\t\t\t\t\t\t\t<img fetchpriority=\"high\" decoding=\"async\" width=\"800\" height=\"600\" src=\"https:\/\/intoconcept.com\/wp-content\/uploads\/2026\/04\/Paasisaankaynti-Lemuntie-3-5-A_-1024x768.png\" class=\"attachment-large size-large wp-image-32695\" alt=\"Haupteingang zum Haus von Akseli &amp; Elina in Vallila\" srcset=\"https:\/\/intoconcept.com\/wp-content\/uploads\/2026\/04\/Paasisaankaynti-Lemuntie-3-5-A_-1024x768.png 1024w, https:\/\/intoconcept.com\/wp-content\/uploads\/2026\/04\/Paasisaankaynti-Lemuntie-3-5-A_-300x225.png 300w, https:\/\/intoconcept.com\/wp-content\/uploads\/2026\/04\/Paasisaankaynti-Lemuntie-3-5-A_-768x576.png 768w, https:\/\/intoconcept.com\/wp-content\/uploads\/2026\/04\/Paasisaankaynti-Lemuntie-3-5-A_-16x12.png 16w, https:\/\/intoconcept.com\/wp-content\/uploads\/2026\/04\/Paasisaankaynti-Lemuntie-3-5-A_.png 1448w\" sizes=\"(max-width: 800px) 100vw, 800px\" \/>\t\t\t\t\t\t\t\t\t\t\t\t\t\t\t<\/div>\n\t\t\t\t<\/div>\n\t\t\t\t\t<\/div>\n\t\t\t\t<\/div>\n\t\t<div class=\"elementor-element elementor-element-a25497d e-flex e-con-boxed e-con e-parent\" data-id=\"a25497d\" data-element_type=\"container\" data-e-type=\"container\">\n\t\t\t\t\t<div class=\"e-con-inner\">\n\t\t\t\t<div class=\"elementor-element elementor-element-fa8886f elementor-widget elementor-widget-google_maps\" data-id=\"fa8886f\" data-element_type=\"widget\" data-e-type=\"widget\" data-widget_type=\"google_maps.default\">\n\t\t\t\t\t\t\t<div class=\"elementor-custom-embed\">\n\t\t\t<iframe loading=\"lazy\"\n\t\t\t\t\tsrc=\"https:\/\/maps.google.com\/maps?q=Lemuntie%203-5&#038;t=m&#038;z=18&#038;output=embed&#038;iwloc=near\"\n\t\t\t\t\ttitle=\"Lemuntie 3-5\"\n\t\t\t\t\taria-label=\"Lemuntie 3-5\"\n\t\t\t><\/iframe>\n\t\t<\/div>\n\t\t\t\t\t\t<\/div>\n\t\t\t\t\t<\/div>\n\t\t\t\t<\/div>\n\t\t<div class=\"elementor-element elementor-element-955b871 e-flex e-con-boxed e-con e-parent\" data-id=\"955b871\" data-element_type=\"container\" data-e-type=\"container\">\n\t\t\t\t\t<div class=\"e-con-inner\">\n\t\t\t\t\t<\/div>\n\t\t\t\t<\/div>\n\t\t<div class=\"elementor-element elementor-element-264e2c7 e-flex e-con-boxed e-con e-parent\" data-id=\"264e2c7\" data-element_type=\"container\" data-e-type=\"container\">\n\t\t\t\t\t<div class=\"e-con-inner\">\n\t\t<div class=\"elementor-element elementor-element-2dc028db e-con-full e-flex e-con e-child\" data-id=\"2dc028db\" data-element_type=\"container\" data-e-type=\"container\">\n\t\t<div class=\"elementor-element elementor-element-629b5abc e-con-full e-flex e-con e-child\" data-id=\"629b5abc\" data-element_type=\"container\" data-e-type=\"container\">\n\t\t<div class=\"elementor-element elementor-element-1bf09d75 e-con-full e-flex e-con e-child\" data-id=\"1bf09d75\" data-element_type=\"container\" data-e-type=\"container\">\n\t\t\t\t<div class=\"elementor-element elementor-element-353dac58 elementor-view-framed elementor-position-inline-start elementor-shape-circle elementor-mobile-position-block-start elementor-widget elementor-widget-icon-box\" data-id=\"353dac58\" data-element_type=\"widget\" data-e-type=\"widget\" data-widget_type=\"icon-box.default\">\n\t\t\t\t\t\t\t<div class=\"elementor-icon-box-wrapper\">\n\n\t\t\t\t\t\t<div class=\"elementor-icon-box-icon\">\n\t\t\t\t<a href=\"tel:+358406707819\" class=\"elementor-icon elementor-animation-shrink\" tabindex=\"-1\" aria-label=\"Rufen Sie uns an\">\n\t\t\t\t<svg aria-hidden=\"true\" class=\"e-font-icon-svg e-fas-phone-alt\" viewbox=\"0 0 512 512\" xmlns=\"http:\/\/www.w3.org\/2000\/svg\"><path d=\"M497.39 361.8l-112-48a24 24 0 0 0-28 6.9l-49.6 60.6A370.66 370.66 0 0 1 130.6 204.11l60.6-49.6a23.94 23.94 0 0 0 6.9-28l-48-112A24.16 24.16 0 0 0 122.6.61l-104 24A24 24 0 0 0 0 48c0 256.5 207.9 464 464 464a24 24 0 0 0 23.4-18.6l24-104a24.29 24.29 0 0 0-14.01-27.6z\"><\/path><\/svg>\t\t\t\t<\/a>\n\t\t\t<\/div>\n\t\t\t\n\t\t\t\t\t\t<div class=\"elementor-icon-box-content\">\n\n\t\t\t\t\t\t\t\t\t<h3 class=\"elementor-icon-box-title\">\n\t\t\t\t\t\t<a href=\"tel:+358406707819\" >\n\t\t\t\t\t\t\tRufen Sie uns an\t\t\t\t\t\t<\/a>\n\t\t\t\t\t<\/h3>\n\t\t\t\t\n\t\t\t\t\t\t\t\t\t<p class=\"elementor-icon-box-description\">\n\t\t\t\t\t\t+358 40 6707819\t\t\t\t\t<\/p>\n\t\t\t\t\n\t\t\t<\/div>\n\t\t\t\n\t\t<\/div>\n\t\t\t\t\t\t<\/div>\n\t\t\t\t<\/div>\n\t\t<div class=\"elementor-element elementor-element-3fff2f84 e-con-full e-flex e-con e-child\" data-id=\"3fff2f84\" data-element_type=\"container\" data-e-type=\"container\">\n\t\t\t\t<div class=\"elementor-element elementor-element-781fc107 elementor-view-framed elementor-position-inline-start elementor-shape-circle elementor-mobile-position-block-start elementor-widget elementor-widget-icon-box\" data-id=\"781fc107\" data-element_type=\"widget\" data-e-type=\"widget\" data-widget_type=\"icon-box.default\">\n\t\t\t\t\t\t\t<div class=\"elementor-icon-box-wrapper\">\n\n\t\t\t\t\t\t<div class=\"elementor-icon-box-icon\">\n\t\t\t\t<a href=\"mailto:contact@intoconcept.com\" class=\"elementor-icon elementor-animation-shrink\" tabindex=\"-1\" aria-label=\"Eine Nachricht senden\">\n\t\t\t\t<svg aria-hidden=\"true\" class=\"e-font-icon-svg e-fas-envelope\" viewbox=\"0 0 512 512\" xmlns=\"http:\/\/www.w3.org\/2000\/svg\"><path d=\"M502.3 190.8c3.9-3.1 9.7-.2 9.7 4.7V400c0 26.5-21.5 48-48 48H48c-26.5 0-48-21.5-48-48V195.6c0-5 5.7-7.8 9.7-4.7 22.4 17.4 52.1 39.5 154.1 113.6 21.1 15.4 56.7 47.8 92.2 47.6 35.7.3 72-32.8 92.3-47.6 102-74.1 131.6-96.3 154-113.7zM256 320c23.2.4 56.6-29.2 73.4-41.4 132.7-96.3 142.8-104.7 173.4-128.7 5.8-4.5 9.2-11.5 9.2-18.9v-19c0-26.5-21.5-48-48-48H48C21.5 64 0 85.5 0 112v19c0 7.4 3.4 14.3 9.2 18.9 30.6 23.9 40.7 32.4 173.4 128.7 16.8 12.2 50.2 41.8 73.4 41.4z\"><\/path><\/svg>\t\t\t\t<\/a>\n\t\t\t<\/div>\n\t\t\t\n\t\t\t\t\t\t<div class=\"elementor-icon-box-content\">\n\n\t\t\t\t\t\t\t\t\t<h3 class=\"elementor-icon-box-title\">\n\t\t\t\t\t\t<a href=\"mailto:contact@intoconcept.com\" >\n\t\t\t\t\t\t\tEine Nachricht senden\t\t\t\t\t\t<\/a>\n\t\t\t\t\t<\/h3>\n\t\t\t\t\n\t\t\t\t\t\t\t\t\t<p class=\"elementor-icon-box-description\">\n\t\t\t\t\t\tcontact@intoconcept.com\t\t\t\t\t<\/p>\n\t\t\t\t\n\t\t\t<\/div>\n\t\t\t\n\t\t<\/div>\n\t\t\t\t\t\t<\/div>\n\t\t\t\t<\/div>\n\t\t<div class=\"elementor-element elementor-element-4a8e83da e-con-full e-flex e-con e-child\" data-id=\"4a8e83da\" data-element_type=\"container\" data-e-type=\"container\">\n\t\t\t\t<div class=\"elementor-element elementor-element-77db5e53 elementor-view-framed elementor-position-inline-start elementor-shape-circle elementor-mobile-position-block-start elementor-widget elementor-widget-icon-box\" data-id=\"77db5e53\" data-element_type=\"widget\" data-e-type=\"widget\" data-widget_type=\"icon-box.default\">\n\t\t\t\t\t\t\t<div class=\"elementor-icon-box-wrapper\">\n\n\t\t\t\t\t\t<div class=\"elementor-icon-box-icon\">\n\t\t\t\t<a href=\"#elementor-action%3Aaction%3Dpopup%3Aopen%26settings%3DeyJpZCI6IjI4ODY4IiwidG9nZ2xlIjpmYWxzZX0%3D\" class=\"elementor-icon elementor-animation-shrink\" tabindex=\"-1\" aria-label=\"Buchen Sie einen Termin\">\n\t\t\t\t<svg aria-hidden=\"true\" class=\"e-font-icon-svg e-fas-map-marker-alt\" viewbox=\"0 0 384 512\" xmlns=\"http:\/\/www.w3.org\/2000\/svg\"><path d=\"M172.268 501.67C26.97 291.031 0 269.413 0 192 0 85.961 85.961 0 192 0s192 85.961 192 192c0 77.413-26.97 99.031-172.268 309.67-9.535 13.774-29.93 13.773-39.464 0zM192 272c44.183 0 80-35.817 80-80s-35.817-80-80-80-80 35.817-80 80 35.817 80 80 80z\"><\/path><\/svg>\t\t\t\t<\/a>\n\t\t\t<\/div>\n\t\t\t\n\t\t\t\t\t\t<div class=\"elementor-icon-box-content\">\n\n\t\t\t\t\t\t\t\t\t<h3 class=\"elementor-icon-box-title\">\n\t\t\t\t\t\t<a href=\"#elementor-action%3Aaction%3Dpopup%3Aopen%26settings%3DeyJpZCI6IjI4ODY4IiwidG9nZ2xlIjpmYWxzZX0%3D\" >\n\t\t\t\t\t\t\tBuchen Sie einen Termin\t\t\t\t\t\t<\/a>\n\t\t\t\t\t<\/h3>\n\t\t\t\t\n\t\t\t\t\n\t\t\t<\/div>\n\t\t\t\n\t\t<\/div>\n\t\t\t\t\t\t<\/div>\n\t\t\t\t<\/div>\n\t\t\t\t<\/div>\n\t\t\t\t<\/div>\n\t\t<div class=\"elementor-element elementor-element-33002b28 e-flex e-con-boxed e-con e-child\" data-id=\"33002b28\" data-element_type=\"container\" data-e-type=\"container\">\n\t\t\t\t\t<div class=\"e-con-inner\">\n\t\t\t\t\t<\/div>\n\t\t\t\t<\/div>\n\t\t\t\t\t<\/div>\n\t\t\t\t<\/div>\n\t\t\t\t<\/div>","protected":false},"excerpt":{"rendered":"<p>VALLILA SHOWROOM Tule tutustumaan tuotteisiimme showroomillemme Vallilaan. Katso saapumisohjeet alta. OTA YHTEYTT\u00c4 SAAPUMISOHJEET INTO Concept ShowroomLemuntie 3\u20135 C00510 Helsinki Showroom sijaitsee Vallilan alueella hyvien kulkuyhteyksien varrella. Julkisilla kulkuv\u00e4lineill\u00e4 Showroomille on helpointa saapua M\u00e4kel\u00e4nkadun tai Sturenkadun kautta, joilta on lyhyt k\u00e4velymatka Lemuntielle. Raitiovaunuista linjat 1 ja 7 kulkevat M\u00e4kel\u00e4nkatua pitkin. M\u00e4kel\u00e4nkatu on yksi Helsingin p\u00e4\u00e4v\u00e4ylist\u00e4, ja [&hellip;]<\/p>\n","protected":false},"author":1,"featured_media":0,"parent":0,"menu_order":0,"comment_status":"closed","ping_status":"closed","template":"","meta":{"_acf_changed":false,"_improvement_type_select":"improve_an_existing","_thumb_yes_seoaic":false,"_frame_yes_seoaic":false,"seoaic_generate_description":"","seoaic_improve_instructions_prompt":"","seoaic_rollback_content_improvement":"","seoaic_idea_thumbnail_generator":"","thumbnail_generated":false,"thumbnail_generate_prompt":"","seoaic_article_description":"","footnotes":""},"class_list":["post-32612","page","type-page","status-publish","hentry"],"acf":[],"_links":{"self":[{"href":"https:\/\/intoconcept.com\/de\/wp-json\/wp\/v2\/pages\/32612","targetHints":{"allow":["GET"]}}],"collection":[{"href":"https:\/\/intoconcept.com\/de\/wp-json\/wp\/v2\/pages"}],"about":[{"href":"https:\/\/intoconcept.com\/de\/wp-json\/wp\/v2\/types\/page"}],"author":[{"embeddable":true,"href":"https:\/\/intoconcept.com\/de\/wp-json\/wp\/v2\/users\/1"}],"replies":[{"embeddable":true,"href":"https:\/\/intoconcept.com\/de\/wp-json\/wp\/v2\/comments?post=32612"}],"version-history":[{"count":104,"href":"https:\/\/intoconcept.com\/de\/wp-json\/wp\/v2\/pages\/32612\/revisions"}],"predecessor-version":[{"id":32769,"href":"https:\/\/intoconcept.com\/de\/wp-json\/wp\/v2\/pages\/32612\/revisions\/32769"}],"wp:attachment":[{"href":"https:\/\/intoconcept.com\/de\/wp-json\/wp\/v2\/media?parent=32612"}],"curies":[{"name":"wp","href":"https:\/\/api.w.org\/{rel}","templated":true}]}}