{"id":12701,"date":"2020-12-15T10:26:19","date_gmt":"2020-12-15T08:26:19","guid":{"rendered":"https:\/\/intoconcept.com\/?post_type=product&#038;p=12701"},"modified":"2026-03-12T07:44:51","modified_gmt":"2026-03-12T07:44:51","slug":"ein-eckstuck-einer-geschosswand","status":"publish","type":"product","link":"https:\/\/intoconcept.com\/de\/produkt\/ein-eckstuck-einer-geschosswand\/","title":{"rendered":"STORY WALL - Eckst\u00fcck"},"content":{"rendered":"<p><strong>STORY WALL<\/strong> Bauernhofanteil<strong> Eckpfeiler<\/strong> k\u00f6nnen Sie 90-Grad-Winkel und ger\u00e4umige R\u00e4ume schaffen, die Ihren Bed\u00fcrfnissen entsprechen.<\/p>\n<p>Preis:<strong> 520 \u20ac<\/strong> (VAT 0%)<\/p>\n<p>&nbsp;<\/p>","protected":false},"featured_media":12696,"parent":0,"template":"","meta":{"_acf_changed":false,"_improvement_type_select":"improve_an_existing","_thumb_yes_seoaic":false,"_frame_yes_seoaic":false,"seoaic_generate_description":"","seoaic_improve_instructions_prompt":"","seoaic_rollback_content_improvement":"","seoaic_idea_thumbnail_generator":"","thumbnail_generated":false,"thumbnail_generate_prompt":"","seoaic_article_description":""},"product-category":[24],"class_list":["post-12701","product","type-product","status-publish","has-post-thumbnail","hentry","product-category-oheistuotteet"],"acf":[],"_links":{"self":[{"href":"https:\/\/intoconcept.com\/de\/wp-json\/wp\/v2\/product\/12701","targetHints":{"allow":["GET"]}}],"collection":[{"href":"https:\/\/intoconcept.com\/de\/wp-json\/wp\/v2\/product"}],"about":[{"href":"https:\/\/intoconcept.com\/de\/wp-json\/wp\/v2\/types\/product"}],"wp:featuredmedia":[{"embeddable":true,"href":"https:\/\/intoconcept.com\/de\/wp-json\/wp\/v2\/media\/12696"}],"wp:attachment":[{"href":"https:\/\/intoconcept.com\/de\/wp-json\/wp\/v2\/media?parent=12701"}],"wp:term":[{"taxonomy":"product-category","embeddable":true,"href":"https:\/\/intoconcept.com\/de\/wp-json\/wp\/v2\/product-category?post=12701"}],"curies":[{"name":"wp","href":"https:\/\/api.w.org\/{rel}","templated":true}]}}