{"id":1545,"date":"2018-09-04T13:38:13","date_gmt":"2018-09-04T10:38:13","guid":{"rendered":"https:\/\/intoconcept.com\/?post_type=product&#038;p=1545"},"modified":"2026-03-31T11:52:35","modified_gmt":"2026-03-31T11:52:35","slug":"wurfel-lobby-sofa","status":"publish","type":"product","link":"https:\/\/intoconcept.com\/de\/produkt\/wurfel-lobby-sofa\/","title":{"rendered":"CUBE-Sofa"},"content":{"rendered":"<p><strong>CUBE<\/strong>-ist eine L\u00f6sung f\u00fcr Lobbys und B\u00fcros, die akustischen und visuellen Schutz bietet.<\/p>\n<p>Besuchen Sie\u00a0<a href=\"https:\/\/intoconcept.com\/de\/referenz\/trimble-6-stockiges-mehrstockiges-buro\/\">zu<\/a>, wo das CUBE-Sofa im Einsatz ist.<\/p>\n<p>Preis: <strong>3 060 \u20ac<\/strong> (VAT 0%)<br \/>\nFracht und Installation nicht inbegriffen<\/p>","protected":false},"featured_media":21873,"parent":0,"template":"","meta":{"_acf_changed":false,"_improvement_type_select":"improve_an_existing","_thumb_yes_seoaic":false,"_frame_yes_seoaic":false,"seoaic_generate_description":"","seoaic_improve_instructions_prompt":"","seoaic_rollback_content_improvement":"","seoaic_idea_thumbnail_generator":"","thumbnail_generated":false,"thumbnail_generate_prompt":"","seoaic_article_description":""},"product-category":[21],"class_list":["post-1545","product","type-product","status-publish","has-post-thumbnail","hentry","product-category-istuinkalusteet"],"acf":[],"_links":{"self":[{"href":"https:\/\/intoconcept.com\/de\/wp-json\/wp\/v2\/product\/1545","targetHints":{"allow":["GET"]}}],"collection":[{"href":"https:\/\/intoconcept.com\/de\/wp-json\/wp\/v2\/product"}],"about":[{"href":"https:\/\/intoconcept.com\/de\/wp-json\/wp\/v2\/types\/product"}],"wp:featuredmedia":[{"embeddable":true,"href":"https:\/\/intoconcept.com\/de\/wp-json\/wp\/v2\/media\/21873"}],"wp:attachment":[{"href":"https:\/\/intoconcept.com\/de\/wp-json\/wp\/v2\/media?parent=1545"}],"wp:term":[{"taxonomy":"product-category","embeddable":true,"href":"https:\/\/intoconcept.com\/de\/wp-json\/wp\/v2\/product-category?post=1545"}],"curies":[{"name":"wp","href":"https:\/\/api.w.org\/{rel}","templated":true}]}}