{"id":1599,"date":"2018-09-04T14:09:15","date_gmt":"2018-09-04T11:09:15","guid":{"rendered":"https:\/\/intoconcept.com\/?post_type=product&#038;p=1599"},"modified":"2026-03-11T11:57:18","modified_gmt":"2026-03-11T11:57:18","slug":"pod-roll-stil-modus-mit-pyorilla","status":"publish","type":"product","link":"https:\/\/intoconcept.com\/de\/produkt\/pod-roll-stil-modus-mit-pyorilla\/","title":{"rendered":"POD ROLL Diskussion und Arbeitsbereich"},"content":{"rendered":"<p><strong>POD ROLL<\/strong> ist ein akustischer Arbeitsbereich f\u00fcr 2\u20134 Personen, der sich f\u00fcr spontane Besprechungen, selbstst\u00e4ndiges Arbeiten und als Pausenraum eignet. Der Arbeitsbereich ist mit Rollen ausgestattet, sodass er bei ver\u00e4nderten Raumbed\u00fcrfnissen m\u00fchelos verschoben und gedreht werden kann.<\/p>\n<p>Besuchen Sie\u00a0<a href=\"https:\/\/intoconcept.com\/de\/referenz\/telia-paakonttori\/\">zu<\/a>, wo POD ROLL im Einsatz ist.<\/p>\n<p>Preis: <strong>13 135 \u20ac<\/strong> oder <strong>.<\/strong><strong>\u00a0<\/strong>(MEHRWERTSTEUER 0 %)<br \/>\nFracht und Installation sind nicht im Preis enthalten.<\/p>\n<p>&nbsp;<\/p>","protected":false},"featured_media":16354,"parent":0,"template":"","meta":{"_acf_changed":false,"_improvement_type_select":"improve_an_existing","_thumb_yes_seoaic":false,"_frame_yes_seoaic":false,"seoaic_generate_description":"","seoaic_improve_instructions_prompt":"","seoaic_rollback_content_improvement":"","seoaic_idea_thumbnail_generator":"","thumbnail_generated":false,"thumbnail_generate_prompt":"","seoaic_article_description":""},"product-category":[15],"class_list":["post-1599","product","type-product","status-publish","has-post-thumbnail","hentry","product-category-pod-huoneet"],"acf":[],"_links":{"self":[{"href":"https:\/\/intoconcept.com\/de\/wp-json\/wp\/v2\/product\/1599","targetHints":{"allow":["GET"]}}],"collection":[{"href":"https:\/\/intoconcept.com\/de\/wp-json\/wp\/v2\/product"}],"about":[{"href":"https:\/\/intoconcept.com\/de\/wp-json\/wp\/v2\/types\/product"}],"wp:featuredmedia":[{"embeddable":true,"href":"https:\/\/intoconcept.com\/de\/wp-json\/wp\/v2\/media\/16354"}],"wp:attachment":[{"href":"https:\/\/intoconcept.com\/de\/wp-json\/wp\/v2\/media?parent=1599"}],"wp:term":[{"taxonomy":"product-category","embeddable":true,"href":"https:\/\/intoconcept.com\/de\/wp-json\/wp\/v2\/product-category?post=1599"}],"curies":[{"name":"wp","href":"https:\/\/api.w.org\/{rel}","templated":true}]}}