{"id":18146,"date":"2024-12-04T11:20:47","date_gmt":"2024-12-04T09:20:47","guid":{"rendered":"https:\/\/intoconcept.com\/?post_type=product&#038;p=18146"},"modified":"2026-04-15T12:13:32","modified_gmt":"2026-04-15T12:13:32","slug":"pod-3-geschlossener-arbeits-und-besprechungsraum","status":"publish","type":"product","link":"https:\/\/intoconcept.com\/de\/produkt\/pod-3-geschlossener-arbeits-und-besprechungsraum\/","title":{"rendered":"POD 3 schallisolierter Arbeits- und Besprechungsraum"},"content":{"rendered":"<p><strong>POD 3<\/strong> <span data-teams=\"true\">Schallisoliert mit Klasse-A-Akustik<\/span> ein Arbeits- und Besprechungsraum f\u00fcr 1-4 Personen. Er bietet eine kompakte Umgebung f\u00fcr konzentriertes Arbeiten und l\u00e4sst sich leicht in einen kleinen Besprechungsraum f\u00fcr Teamsitzungen umwandeln.<\/p>\n<p>Preis: <strong>16 110 \u20ac<\/strong> oder <strong>.<\/strong><strong>\u00a0<\/strong>(MEHRWERTSTEUER 0 %)<br \/>\nFracht und Installation sind nicht im Preis enthalten.<\/p>","protected":false},"featured_media":29086,"parent":0,"template":"","meta":{"_acf_changed":false,"_improvement_type_select":"improve_an_existing","_thumb_yes_seoaic":false,"_frame_yes_seoaic":false,"seoaic_generate_description":"","seoaic_improve_instructions_prompt":"","seoaic_rollback_content_improvement":"","seoaic_idea_thumbnail_generator":"","thumbnail_generated":false,"thumbnail_generate_prompt":"","seoaic_article_description":""},"product-category":[15],"class_list":["post-18146","product","type-product","status-publish","has-post-thumbnail","hentry","product-category-pod-huoneet"],"acf":[],"_links":{"self":[{"href":"https:\/\/intoconcept.com\/de\/wp-json\/wp\/v2\/product\/18146","targetHints":{"allow":["GET"]}}],"collection":[{"href":"https:\/\/intoconcept.com\/de\/wp-json\/wp\/v2\/product"}],"about":[{"href":"https:\/\/intoconcept.com\/de\/wp-json\/wp\/v2\/types\/product"}],"wp:featuredmedia":[{"embeddable":true,"href":"https:\/\/intoconcept.com\/de\/wp-json\/wp\/v2\/media\/29086"}],"wp:attachment":[{"href":"https:\/\/intoconcept.com\/de\/wp-json\/wp\/v2\/media?parent=18146"}],"wp:term":[{"taxonomy":"product-category","embeddable":true,"href":"https:\/\/intoconcept.com\/de\/wp-json\/wp\/v2\/product-category?post=18146"}],"curies":[{"name":"wp","href":"https:\/\/api.w.org\/{rel}","templated":true}]}}