{"id":21170,"date":"2025-05-07T12:45:29","date_gmt":"2025-05-07T09:45:29","guid":{"rendered":"https:\/\/intoconcept.com\/?post_type=product&#038;p=21170"},"modified":"2026-04-13T11:56:28","modified_gmt":"2026-04-13T11:56:28","slug":"pod-roll-glass-kleiner-arbeitsbereich-fur-zwei","status":"publish","type":"product","link":"https:\/\/intoconcept.com\/de\/produkt\/pod-roll-glass-kleiner-arbeitsbereich-fur-zwei\/","title":{"rendered":"POD ROLL GLASS SMALL Arbeitsbereich f\u00fcr zwei Personen"},"content":{"rendered":"<p><span style=\"font-size: 1rem;\"><strong>H\u00dcLSENROLLE GLAS KLEIN<\/strong> <span data-teams=\"true\">Schallisoliert mit Klasse-A-Akustik<\/span> Arbeitsbereich f\u00fcr 1-2 Personen f\u00fcr spontane Besprechungen und selbst\u00e4ndiges Arbeiten. Es handelt sich um einen Arbeitsbereich auf R\u00e4dern, der sich leicht bewegen und drehen l\u00e4sst, wenn sich der Platzbedarf \u00e4ndert.\u00a0<\/span><\/p>\n<p>Preis: <strong>12 975<\/strong><strong>\u00a0\u20ac<\/strong>\u00a0oder<strong> .<\/strong><strong>\u00a0<\/strong>(MEHRWERTSTEUER 0 %)<br \/>\nFracht und Installation sind nicht im Preis enthalten.<\/p>","protected":false},"featured_media":29471,"parent":0,"template":"","meta":{"_acf_changed":false,"_improvement_type_select":"improve_an_existing","_thumb_yes_seoaic":false,"_frame_yes_seoaic":false,"seoaic_generate_description":"","seoaic_improve_instructions_prompt":"","seoaic_rollback_content_improvement":"","seoaic_idea_thumbnail_generator":"","thumbnail_generated":false,"thumbnail_generate_prompt":"","seoaic_article_description":""},"product-category":[15],"class_list":["post-21170","product","type-product","status-publish","has-post-thumbnail","hentry","product-category-pod-huoneet"],"acf":[],"_links":{"self":[{"href":"https:\/\/intoconcept.com\/de\/wp-json\/wp\/v2\/product\/21170","targetHints":{"allow":["GET"]}}],"collection":[{"href":"https:\/\/intoconcept.com\/de\/wp-json\/wp\/v2\/product"}],"about":[{"href":"https:\/\/intoconcept.com\/de\/wp-json\/wp\/v2\/types\/product"}],"wp:featuredmedia":[{"embeddable":true,"href":"https:\/\/intoconcept.com\/de\/wp-json\/wp\/v2\/media\/29471"}],"wp:attachment":[{"href":"https:\/\/intoconcept.com\/de\/wp-json\/wp\/v2\/media?parent=21170"}],"wp:term":[{"taxonomy":"product-category","embeddable":true,"href":"https:\/\/intoconcept.com\/de\/wp-json\/wp\/v2\/product-category?post=21170"}],"curies":[{"name":"wp","href":"https:\/\/api.w.org\/{rel}","templated":true}]}}