{"id":27981,"date":"2025-09-22T08:58:48","date_gmt":"2025-09-22T08:58:48","guid":{"rendered":"https:\/\/intoconcept.com\/?post_type=product&#038;p=27981"},"modified":"2026-03-31T11:41:06","modified_gmt":"2026-03-31T11:41:06","slug":"punkt-box-tabelle","status":"publish","type":"product","link":"https:\/\/intoconcept.com\/de\/produkt\/punkt-box-tabelle\/","title":{"rendered":"POINT BOX TABLE"},"content":{"rendered":"<p><strong>POINT BOX TABLE<\/strong> ist ein zus\u00e4tzlicher Couchtisch f\u00fcr POINT-Sofas. Er bietet zus\u00e4tzliche Ablagefl\u00e4che und Stauraum und ist mit einer Tischlampe und einer Steckdose ausgestattet, die f\u00fcr zus\u00e4tzliche Funktionalit\u00e4t und eine gem\u00fctliche Atmosph\u00e4re sorgen.<\/p>\n<p>Preis: <strong>660 \u20ac<\/strong> (VAT 0%)<br \/>\nFrachtkosten nicht inbegriffen<\/p>","protected":false},"featured_media":27986,"parent":0,"template":"","meta":{"_acf_changed":false,"_improvement_type_select":"improve_an_existing","_thumb_yes_seoaic":false,"_frame_yes_seoaic":false,"seoaic_generate_description":"","seoaic_improve_instructions_prompt":"","seoaic_rollback_content_improvement":"","seoaic_idea_thumbnail_generator":"","thumbnail_generated":false,"thumbnail_generate_prompt":"","seoaic_article_description":""},"product-category":[24],"class_list":["post-27981","product","type-product","status-publish","has-post-thumbnail","hentry","product-category-oheistuotteet"],"acf":[],"_links":{"self":[{"href":"https:\/\/intoconcept.com\/de\/wp-json\/wp\/v2\/product\/27981","targetHints":{"allow":["GET"]}}],"collection":[{"href":"https:\/\/intoconcept.com\/de\/wp-json\/wp\/v2\/product"}],"about":[{"href":"https:\/\/intoconcept.com\/de\/wp-json\/wp\/v2\/types\/product"}],"wp:featuredmedia":[{"embeddable":true,"href":"https:\/\/intoconcept.com\/de\/wp-json\/wp\/v2\/media\/27986"}],"wp:attachment":[{"href":"https:\/\/intoconcept.com\/de\/wp-json\/wp\/v2\/media?parent=27981"}],"wp:term":[{"taxonomy":"product-category","embeddable":true,"href":"https:\/\/intoconcept.com\/de\/wp-json\/wp\/v2\/product-category?post=27981"}],"curies":[{"name":"wp","href":"https:\/\/api.w.org\/{rel}","templated":true}]}}