{"id":30050,"date":"2025-12-15T11:11:50","date_gmt":"2025-12-15T11:11:50","guid":{"rendered":"https:\/\/intoconcept.com\/?post_type=product&#038;p=30050"},"modified":"2026-03-12T07:16:35","modified_gmt":"2026-03-12T07:16:35","slug":"point-stool-sofas","status":"publish","type":"product","link":"https:\/\/intoconcept.com\/de\/produkt\/point-stool-sofas\/","title":{"rendered":"POINT STOOL -Sofas"},"content":{"rendered":"<p><strong>POINT STOOL <\/strong>- Ergonomische Sofas sind modulare, flexible M\u00f6bell\u00f6sungen f\u00fcr Lobbys, Pausenr\u00e4ume und Besprechungszimmer. Sie sind aus langlebigen Materialien gefertigt und unterst\u00fctzen durch ihre Sitzh\u00f6he eine gesunde Arbeitshaltung. Durch die modulare Bauweise lassen sich die Sofas auf vielf\u00e4ltige Weise kombinieren. Sie sind auch ideal als Pflegem\u00f6bel geeignet.<\/p>\n<p>Besuchen Sie\u00a0<a href=\"https:\/\/intoconcept.com\/de\/referenz\/telia-paakonttori\/\">zu<\/a>, in dem POINT STOOL-Sofas zu sehen sind.<\/p>\n<p>Preis:<strong><br \/>\n<\/strong>PUNKT STOOL S <strong>370\u00a0\u20ac<\/strong>\u00a0(VAT 0%)<br \/>\nPUNKT STOOL M <strong>375 \u20ac<\/strong>\u00a0(VAT 0%)<br \/>\nPUNKT STOOL L <strong>440 \u20ac<\/strong>\u00a0(VAT 0%)<br \/>\nFracht und Installation nicht inbegriffen<\/p>\n<p><iframe title=\"YouTube-Video-Player\" src=\"https:\/\/www.youtube.com\/embed\/L-ODMHbOKuE?si=eMXXUOSnHpLE3N5S\" width=\"560\" height=\"315\" frameborder=\"0\" allowfullscreen=\"allowfullscreen\"><\/iframe><\/p>","protected":false},"featured_media":21891,"parent":0,"template":"","meta":{"_acf_changed":false,"_improvement_type_select":"improve_an_existing","_thumb_yes_seoaic":false,"_frame_yes_seoaic":false,"seoaic_generate_description":"","seoaic_improve_instructions_prompt":"","seoaic_rollback_content_improvement":"","seoaic_idea_thumbnail_generator":"","thumbnail_generated":false,"thumbnail_generate_prompt":"","seoaic_article_description":""},"product-category":[21],"class_list":["post-30050","product","type-product","status-publish","has-post-thumbnail","hentry","product-category-istuinkalusteet"],"acf":[],"_links":{"self":[{"href":"https:\/\/intoconcept.com\/de\/wp-json\/wp\/v2\/product\/30050","targetHints":{"allow":["GET"]}}],"collection":[{"href":"https:\/\/intoconcept.com\/de\/wp-json\/wp\/v2\/product"}],"about":[{"href":"https:\/\/intoconcept.com\/de\/wp-json\/wp\/v2\/types\/product"}],"wp:featuredmedia":[{"embeddable":true,"href":"https:\/\/intoconcept.com\/de\/wp-json\/wp\/v2\/media\/21891"}],"wp:attachment":[{"href":"https:\/\/intoconcept.com\/de\/wp-json\/wp\/v2\/media?parent=30050"}],"wp:term":[{"taxonomy":"product-category","embeddable":true,"href":"https:\/\/intoconcept.com\/de\/wp-json\/wp\/v2\/product-category?post=30050"}],"curies":[{"name":"wp","href":"https:\/\/api.w.org\/{rel}","templated":true}]}}