{"id":30051,"date":"2025-12-15T11:16:13","date_gmt":"2025-12-15T11:16:13","guid":{"rendered":"https:\/\/intoconcept.com\/?post_type=product&#038;p=30051"},"modified":"2026-03-12T07:13:33","modified_gmt":"2026-03-12T07:13:33","slug":"point-low-sofas","status":"publish","type":"product","link":"https:\/\/intoconcept.com\/de\/produkt\/point-low-sofas\/","title":{"rendered":"POINT LOW Sofas"},"content":{"rendered":"<p><strong>POINT LOW <\/strong>\u2013 Ergonomische Sofas sind flexible Einrichtungsl\u00f6sungen f\u00fcr Lobbys, Pausenr\u00e4ume und Besprechungszimmer. Sie sind aus strapazierf\u00e4higen Materialien gefertigt und ihre Sitzh\u00f6hen unterst\u00fctzen eine gesunde Arbeitshaltung. Das modulare Design erm\u00f6glicht vielf\u00e4ltige Kombinationsm\u00f6glichkeiten. Auch hervorragend als Pflegeeinrichtung geeignet.<\/p>\n<p>Besuchen Sie\u00a0<a href=\"https:\/\/intoconcept.com\/de\/referenz\/orios-backerei-renovierung\/\">zu<\/a>die POINT-Sofas umfasst.<\/p>\n<p>Preis:<strong>\u00a0<\/strong><br \/>\nPUNKT TIEF S <strong>445 \u20ac<\/strong> (VAT 0%)<br \/>\nPUNKT NIEDRIG M <strong>530 \u20ac<\/strong> (VAT 0%)<br \/>\nPUNKT LOW L <strong>685\u00a0\u20ac<\/strong> (VAT 0%)<br \/>\nSPITZE ECKE NIEDRIG<strong> 670<\/strong>\u00a0<strong>\u20ac<\/strong> (VAT 0%)<br \/>\nPUNKTKURVE IM UNTEREN<strong> 820<\/strong>\u00a0<strong>\u20ac<\/strong> (VAT 0%)<br \/>\nPUNKTKURVE NACH UNTEN<strong> 820\u00a0\u20ac<\/strong> (VAT 0%)<br \/>\nPUNKT \u00c4USSERE ECKE UNTEN LINKS<strong> 960<\/strong>\u00a0<strong>\u20ac<\/strong> (VAT 0%)<br \/>\nPUNKT \u00c4USSERE ECKE UNTEN RECHTS<strong> 960<\/strong>\u00a0<strong>\u20ac<\/strong> (VAT 0%)<br \/>\nFracht und Installation nicht inbegriffen<\/p>\n<p><iframe title=\"YouTube-Video-Player\" src=\"https:\/\/www.youtube.com\/embed\/L-ODMHbOKuE?si=eMXXUOSnHpLE3N5S\" width=\"560\" height=\"315\" frameborder=\"0\" allowfullscreen=\"allowfullscreen\"><\/iframe><\/p>","protected":false},"featured_media":21891,"parent":0,"template":"","meta":{"_acf_changed":false,"_improvement_type_select":"improve_an_existing","_thumb_yes_seoaic":false,"_frame_yes_seoaic":false,"seoaic_generate_description":"","seoaic_improve_instructions_prompt":"","seoaic_rollback_content_improvement":"","seoaic_idea_thumbnail_generator":"","thumbnail_generated":false,"thumbnail_generate_prompt":"","seoaic_article_description":""},"product-category":[21],"class_list":["post-30051","product","type-product","status-publish","has-post-thumbnail","hentry","product-category-istuinkalusteet"],"acf":[],"_links":{"self":[{"href":"https:\/\/intoconcept.com\/de\/wp-json\/wp\/v2\/product\/30051","targetHints":{"allow":["GET"]}}],"collection":[{"href":"https:\/\/intoconcept.com\/de\/wp-json\/wp\/v2\/product"}],"about":[{"href":"https:\/\/intoconcept.com\/de\/wp-json\/wp\/v2\/types\/product"}],"wp:featuredmedia":[{"embeddable":true,"href":"https:\/\/intoconcept.com\/de\/wp-json\/wp\/v2\/media\/21891"}],"wp:attachment":[{"href":"https:\/\/intoconcept.com\/de\/wp-json\/wp\/v2\/media?parent=30051"}],"wp:term":[{"taxonomy":"product-category","embeddable":true,"href":"https:\/\/intoconcept.com\/de\/wp-json\/wp\/v2\/product-category?post=30051"}],"curies":[{"name":"wp","href":"https:\/\/api.w.org\/{rel}","templated":true}]}}