{"id":30052,"date":"2025-12-15T11:25:29","date_gmt":"2025-12-15T11:25:29","guid":{"rendered":"https:\/\/intoconcept.com\/?post_type=product&#038;p=30052"},"modified":"2026-03-12T07:15:59","modified_gmt":"2026-03-12T07:15:59","slug":"point-high-sofas","status":"publish","type":"product","link":"https:\/\/intoconcept.com\/de\/produkt\/point-high-sofas\/","title":{"rendered":"POINT HIGH Sofas"},"content":{"rendered":"<p><strong>POINT HIGH <\/strong>\u2013 Ergonomische Sofas sind flexible Einrichtungsl\u00f6sungen f\u00fcr Lobbys, Pausenr\u00e4ume und Besprechungszimmer. Sie sind aus strapazierf\u00e4higen Materialien gefertigt und ihre Sitzh\u00f6hen unterst\u00fctzen eine gesunde Arbeitshaltung. Das modulare Design erm\u00f6glicht vielf\u00e4ltige Kombinationsm\u00f6glichkeiten. Auch hervorragend als Pflegeeinrichtung geeignet.<\/p>\n<p>Besuchen Sie\u00a0<a href=\"https:\/\/intoconcept.com\/de\/referenz\/ticket-fi-mehrstockiges-buro\/\">zu<\/a>, in dem POINT HIGH-Sofas zu sehen sind.<\/p>\n<p>Preis:<strong>\u00a0<\/strong><br \/>\nPOINT HIGH S <strong>550 \u20ac<\/strong> (VAT 0%)<br \/>\nPUNKT HIGH M <strong>705 \u20ac<\/strong> (VAT 0%)<br \/>\nPUNKT HOCH L <strong>870 \u20ac<\/strong> (VAT 0%)<br \/>\nSPITZE ECKE HOCH<strong> 885<\/strong>\u00a0<strong>\u20ac<\/strong> (VAT 0%)<br \/>\nPUNKTKURVE IM HOCH<strong> 1000<\/strong>\u00a0<strong>\u20ac<\/strong> (VAT 0%)<br \/>\nPUNKTKURVE HOCH HINAUS<strong> 1000 \u20ac<\/strong> (VAT 0%)<br \/>\nPUNKT \u00c4USSERE ECKE HOCH LINKS<strong> 1180<\/strong>\u00a0<strong>\u20ac<\/strong> (VAT 0%)<br \/>\nPUNKT \u00c4USSERE ECKE HOCH RECHTS<strong> 1180<\/strong>\u00a0<strong>\u20ac<\/strong> (VAT 0%)<br \/>\nFracht und Installation nicht inbegriffen<\/p>\n<p><iframe title=\"YouTube-Video-Player\" src=\"https:\/\/www.youtube.com\/embed\/L-ODMHbOKuE?si=eMXXUOSnHpLE3N5S\" width=\"560\" height=\"315\" frameborder=\"0\" allowfullscreen=\"allowfullscreen\"><\/iframe><\/p>","protected":false},"featured_media":30055,"parent":0,"template":"","meta":{"_acf_changed":false,"_improvement_type_select":"improve_an_existing","_thumb_yes_seoaic":false,"_frame_yes_seoaic":false,"seoaic_generate_description":"","seoaic_improve_instructions_prompt":"","seoaic_rollback_content_improvement":"","seoaic_idea_thumbnail_generator":"","thumbnail_generated":false,"thumbnail_generate_prompt":"","seoaic_article_description":""},"product-category":[21],"class_list":["post-30052","product","type-product","status-publish","has-post-thumbnail","hentry","product-category-istuinkalusteet"],"acf":[],"_links":{"self":[{"href":"https:\/\/intoconcept.com\/de\/wp-json\/wp\/v2\/product\/30052","targetHints":{"allow":["GET"]}}],"collection":[{"href":"https:\/\/intoconcept.com\/de\/wp-json\/wp\/v2\/product"}],"about":[{"href":"https:\/\/intoconcept.com\/de\/wp-json\/wp\/v2\/types\/product"}],"wp:featuredmedia":[{"embeddable":true,"href":"https:\/\/intoconcept.com\/de\/wp-json\/wp\/v2\/media\/30055"}],"wp:attachment":[{"href":"https:\/\/intoconcept.com\/de\/wp-json\/wp\/v2\/media?parent=30052"}],"wp:term":[{"taxonomy":"product-category","embeddable":true,"href":"https:\/\/intoconcept.com\/de\/wp-json\/wp\/v2\/product-category?post=30052"}],"curies":[{"name":"wp","href":"https:\/\/api.w.org\/{rel}","templated":true}]}}