{"id":32858,"date":"2026-05-11T07:18:49","date_gmt":"2026-05-11T07:18:49","guid":{"rendered":"https:\/\/intoconcept.com\/?post_type=product&#038;p=32858"},"modified":"2026-05-12T10:56:13","modified_gmt":"2026-05-12T10:56:13","slug":"story-wall-plant-box","status":"publish","type":"product","link":"https:\/\/intoconcept.com\/de\/product\/story-wall-plant-box\/","title":{"rendered":"GESCHOSSWAND-PFLANZKASTEN"},"content":{"rendered":"<p><strong>PLANT BOX <\/strong>auf<strong> STORY WALL <\/strong>-tilanjakajan lis\u00e4osa, joka tuo tilaan vihreytt\u00e4 helposti ja n\u00e4ytt\u00e4v\u00e4sti.<\/p>\n<p>Preis:<strong>\u00a0420 \u20ac<\/strong> (VAT 0%)<br \/>\nFracht und Installation sind nicht im Preis enthalten.<\/p>\n<p>&nbsp;<\/p>","protected":false},"featured_media":32930,"parent":0,"template":"","meta":{"_acf_changed":false,"_improvement_type_select":"improve_an_existing","_thumb_yes_seoaic":false,"_frame_yes_seoaic":false,"seoaic_generate_description":"","seoaic_improve_instructions_prompt":"","seoaic_rollback_content_improvement":"","seoaic_idea_thumbnail_generator":"","thumbnail_generated":false,"thumbnail_generate_prompt":"","seoaic_article_description":""},"product-category":[24],"class_list":["post-32858","product","type-product","status-publish","has-post-thumbnail","hentry","product-category-oheistuotteet"],"acf":[],"_links":{"self":[{"href":"https:\/\/intoconcept.com\/de\/wp-json\/wp\/v2\/product\/32858","targetHints":{"allow":["GET"]}}],"collection":[{"href":"https:\/\/intoconcept.com\/de\/wp-json\/wp\/v2\/product"}],"about":[{"href":"https:\/\/intoconcept.com\/de\/wp-json\/wp\/v2\/types\/product"}],"wp:featuredmedia":[{"embeddable":true,"href":"https:\/\/intoconcept.com\/de\/wp-json\/wp\/v2\/media\/32930"}],"wp:attachment":[{"href":"https:\/\/intoconcept.com\/de\/wp-json\/wp\/v2\/media?parent=32858"}],"wp:term":[{"taxonomy":"product-category","embeddable":true,"href":"https:\/\/intoconcept.com\/de\/wp-json\/wp\/v2\/product-category?post=32858"}],"curies":[{"name":"wp","href":"https:\/\/api.w.org\/{rel}","templated":true}]}}