{"id":9101,"date":"2020-02-03T15:05:41","date_gmt":"2020-02-03T13:05:41","guid":{"rendered":"https:\/\/intoconcept.com\/?post_type=product&#038;p=9101"},"modified":"2026-03-12T07:48:52","modified_gmt":"2026-03-12T07:48:52","slug":"pod-panel-2","status":"publish","type":"product","link":"https:\/\/intoconcept.com\/de\/produkt\/pod-panel-2\/","title":{"rendered":"POD PANEL"},"content":{"rendered":"<p><strong>POD PANEL<\/strong> ist ein akustisches Wandpaneel und ein Zubeh\u00f6r f\u00fcr unsere POD-R\u00e4ume, mit dem Sie eine komfortable und schallfreundliche Arbeitsumgebung innerhalb und au\u00dferhalb des Pods schaffen k\u00f6nnen.<\/p>\n<p>&nbsp;<\/p>\n<p>Preis:<strong> 470 \u20ac <\/strong>(VAT 0%)<\/p>","protected":false},"featured_media":29472,"parent":0,"template":"","meta":{"_acf_changed":false,"_improvement_type_select":"improve_an_existing","_thumb_yes_seoaic":false,"_frame_yes_seoaic":false,"seoaic_generate_description":"","seoaic_improve_instructions_prompt":"","seoaic_rollback_content_improvement":"","seoaic_idea_thumbnail_generator":"","thumbnail_generated":false,"thumbnail_generate_prompt":"","seoaic_article_description":""},"product-category":[24],"class_list":["post-9101","product","type-product","status-publish","has-post-thumbnail","hentry","product-category-oheistuotteet"],"acf":[],"_links":{"self":[{"href":"https:\/\/intoconcept.com\/de\/wp-json\/wp\/v2\/product\/9101","targetHints":{"allow":["GET"]}}],"collection":[{"href":"https:\/\/intoconcept.com\/de\/wp-json\/wp\/v2\/product"}],"about":[{"href":"https:\/\/intoconcept.com\/de\/wp-json\/wp\/v2\/types\/product"}],"wp:featuredmedia":[{"embeddable":true,"href":"https:\/\/intoconcept.com\/de\/wp-json\/wp\/v2\/media\/29472"}],"wp:attachment":[{"href":"https:\/\/intoconcept.com\/de\/wp-json\/wp\/v2\/media?parent=9101"}],"wp:term":[{"taxonomy":"product-category","embeddable":true,"href":"https:\/\/intoconcept.com\/de\/wp-json\/wp\/v2\/product-category?post=9101"}],"curies":[{"name":"wp","href":"https:\/\/api.w.org\/{rel}","templated":true}]}}