{"id":3,"date":"2025-07-07T10:10:23","date_gmt":"2025-07-07T10:10:23","guid":{"rendered":"https:\/\/intoconcept.com\/?page_id=3"},"modified":"2025-10-21T21:24:03","modified_gmt":"2025-10-21T21:24:03","slug":"privacy-policy","status":"publish","type":"page","link":"https:\/\/intoconcept.com\/en\/privacy-policy\/","title":{"rendered":"Privacy Policy"},"content":{"rendered":"\t\t<div data-elementor-type=\"wp-page\" data-elementor-id=\"3\" class=\"elementor elementor-3\" data-elementor-post-type=\"page\">\n\t\t\t\t<div class=\"elementor-element elementor-element-1515d49b e-flex e-con-boxed e-con e-parent\" data-id=\"1515d49b\" data-element_type=\"container\" data-e-type=\"container\">\n\t\t\t\t\t<div class=\"e-con-inner\">\n\t\t\t\t<div class=\"elementor-element elementor-element-74ddce0 elementor-toc--minimized-on-tablet elementor-widget elementor-widget-table-of-contents\" data-id=\"74ddce0\" data-element_type=\"widget\" data-e-type=\"widget\" data-settings=\"{&quot;exclude_headings_by_selector&quot;:[],&quot;no_headings_message&quot;:&quot;Otsikkoja ei l\\u00f6ytynyt&quot;,&quot;headings_by_tags&quot;:[&quot;h2&quot;,&quot;h3&quot;,&quot;h4&quot;,&quot;h5&quot;,&quot;h6&quot;],&quot;marker_view&quot;:&quot;numbers&quot;,&quot;minimize_box&quot;:&quot;yes&quot;,&quot;minimized_on&quot;:&quot;tablet&quot;,&quot;hierarchical_view&quot;:&quot;yes&quot;,&quot;min_height&quot;:{&quot;unit&quot;:&quot;px&quot;,&quot;size&quot;:&quot;&quot;,&quot;sizes&quot;:[]},&quot;min_height_tablet&quot;:{&quot;unit&quot;:&quot;px&quot;,&quot;size&quot;:&quot;&quot;,&quot;sizes&quot;:[]},&quot;min_height_mobile&quot;:{&quot;unit&quot;:&quot;px&quot;,&quot;size&quot;:&quot;&quot;,&quot;sizes&quot;:[]}}\" data-widget_type=\"table-of-contents.default\">\n\t\t\t\t\t\t\t\t\t<div class=\"elementor-toc__header\">\n\t\t\t\t\t\t<h2 class=\"elementor-toc__header-title\">\n\t\t\t\tSis\u00e4lt\u00f6\t\t\t<\/h2>\n\t\t\t\t\t\t\t\t\t\t<div class=\"elementor-toc__toggle-button elementor-toc__toggle-button--expand\" role=\"button\" tabindex=\"0\" aria-controls=\"elementor-toc__74ddce0\" aria-expanded=\"true\" aria-label=\"\u00d6ppna inneh\u00e5llsf\u00f6rteckningen\"><svg aria-hidden=\"true\" class=\"e-font-icon-svg e-fas-chevron-down\" viewBox=\"0 0 448 512\" xmlns=\"http:\/\/www.w3.org\/2000\/svg\"><path d=\"M207.029 381.476L12.686 187.132c-9.373-9.373-9.373-24.569 0-33.941l22.667-22.667c9.357-9.357 24.522-9.375 33.901-.04L224 284.505l154.745-154.021c9.379-9.335 24.544-9.317 33.901.04l22.667 22.667c9.373 9.373 9.373 24.569 0 33.941L240.971 381.476c-9.373 9.372-24.569 9.372-33.942 0z\"><\/path><\/svg><\/div>\n\t\t\t\t<div class=\"elementor-toc__toggle-button elementor-toc__toggle-button--collapse\" role=\"button\" tabindex=\"0\" aria-controls=\"elementor-toc__74ddce0\" aria-expanded=\"true\" aria-label=\"St\u00e4ng inneh\u00e5llsf\u00f6rteckning\"><svg aria-hidden=\"true\" class=\"e-font-icon-svg e-fas-chevron-up\" viewBox=\"0 0 448 512\" xmlns=\"http:\/\/www.w3.org\/2000\/svg\"><path d=\"M240.971 130.524l194.343 194.343c9.373 9.373 9.373 24.569 0 33.941l-22.667 22.667c-9.357 9.357-24.522 9.375-33.901.04L224 227.495 69.255 381.516c-9.379 9.335-24.544 9.317-33.901-.04l-22.667-22.667c-9.373-9.373-9.373-24.569 0-33.941L207.03 130.525c9.372-9.373 24.568-9.373 33.941-.001z\"><\/path><\/svg><\/div>\n\t\t\t\t\t<\/div>\n\t\t\t\t<div id=\"elementor-toc__74ddce0\" class=\"elementor-toc__body\">\n\t\t\t<div class=\"elementor-toc__spinner-container\">\n\t\t\t\t<svg class=\"elementor-toc__spinner eicon-animation-spin e-font-icon-svg e-eicon-loading\" aria-hidden=\"true\" viewBox=\"0 0 1000 1000\" xmlns=\"http:\/\/www.w3.org\/2000\/svg\"><path d=\"M500 975V858C696 858 858 696 858 500S696 142 500 142 142 304 142 500H25C25 237 238 25 500 25S975 237 975 500 763 975 500 975Z\"><\/path><\/svg>\t\t\t<\/div>\n\t\t<\/div>\n\t\t\t\t\t\t<\/div>\n\t\t\t\t<div class=\"elementor-element elementor-element-5de95009 elementor-widget elementor-widget-text-editor\" data-id=\"5de95009\" data-element_type=\"widget\" data-e-type=\"widget\" data-widget_type=\"text-editor.default\">\n\t\t\t\t\t\t\t\t\t\n<h3 class=\"wp-block-heading\"><strong>INTO Concept Oy \u2013 Tietosuojaseloste<\/strong><\/h3>\n<p><strong>T\u00e4m\u00e4 tietosuojaseloste on laadittu EU:n yleisen tietosuoja-asetuksen (GDPR) ja Suomen tietosuojalain mukaisesti.<\/strong><\/p>\n<p>Rekisterinpit\u00e4j\u00e4<br \/>INTO Concept Oy<br \/>Lemuntie 3-5 C<br \/>00570 Helsinki<br \/>Puh. +358 40 351 8298<br \/>E-mail: contact@intoconcept.com<\/p>\n<h4><strong>Rekisterin nimi<\/strong><\/h4>\n<p><strong>INTO Concept Oy:n asiakas- ja markkinointirekisteri.<\/strong><\/p>\n<h4><strong>Henkil\u00f6tietojen k\u00e4sittelyn tarkoitus<\/strong><\/h4>\n<p>Henkil\u00f6tietoja k\u00e4ytet\u00e4\u00e4n asiakassuhteen hoitoon, asiakasviestint\u00e4\u00e4n sek\u00e4 markkinointiin. Tavoitteena on kohdentaa viestint\u00e4mme niin, ett\u00e4 se vastaa paremmin vastaanottajan tarpeita. Lis\u00e4ksi tietoja k\u00e4ytet\u00e4\u00e4n markkinointitoimenpiteiden seuraamiseen ja dokumentointiin.<br \/>Henkil\u00f6tietojen k\u00e4sittely perustuu joko INTO Conceptin oikeutettuun etuun asiakassuhteiden yll\u00e4pitoon ja liiketoiminnan kehitt\u00e4miseen, tai rekister\u00f6idyn antamaan suostumukseen silloin, kun sit\u00e4 tarvitaan (esimerkiksi ev\u00e4steiden k\u00e4ytt\u00f6\u00f6n).<\/p>\n<h4><strong>Rekister\u00f6idyt ja k\u00e4sitelt\u00e4v\u00e4t henkil\u00f6tiedot<\/strong><\/h4>\n<p>Rekister\u00f6ityj\u00e4 ovat INTO Concept Oy:n asiakkaat, potentiaaliset asiakkaat sek\u00e4 markkinointiviestinn\u00e4n vastaanottajat.<br \/>K\u00e4sitelt\u00e4vi\u00e4 tietoja:<br \/>&#8211; Henkil\u00f6n nimi<br \/>&#8211; S\u00e4hk\u00f6postiosoite<br \/>&#8211; Yrityksen nimi<br \/>&#8211; Yrityksen osoite<br \/>&#8211; Puhelinnumero<\/p>\n<p>INTO Concept Oy ei ker\u00e4\u00e4 henkil\u00f6tunnuksia, henkil\u00f6kohtaisia puhelinnumeroita tai kotiosoitteita.<\/p>\n<h4><strong>S\u00e4\u00e4nn\u00f6nmukaiset tietol\u00e4hteet<\/strong><\/h4>\n<p>Henkil\u00f6tiedot ker\u00e4t\u00e4\u00e4n p\u00e4\u00e4asiassa henkil\u00f6lt\u00e4 itselt\u00e4\u00e4n. Tiedot saadaan INTO Concept Oy:n verkkosivuilta (yhteydenotto- ja tilauslomakkeet, materiaalilataukset) ja INTO Concept Oy:n tapahtumiin ilmoittautumisista. Muita tietol\u00e4hteit\u00e4 ovat erilaiset asiakaskontaktit, kuten messut, seminaarit, henkil\u00f6kohtainen myyntity\u00f6, kilpailut jne. sek\u00e4 erilaiset julkiset l\u00e4hteet.<\/p>\n<p>Tietoja voidaan p\u00e4ivitt\u00e4\u00e4 my\u00f6s viranomaisilta tai muilta kolmansilta osapuolilta soveltuvan lains\u00e4\u00e4d\u00e4nn\u00f6n sallimissa rajoissa t\u00e4ss\u00e4 rekisteriotteessa kuvattuja tarkoituksia varten.<\/p>\n<h4><strong>Tietojen s\u00e4ilytys<\/strong><\/h4>\n<p>Tietoja s\u00e4ilytet\u00e4\u00e4n vain niin kauan kuin se on tarpeen t\u00e4ss\u00e4 tietosuojaselosteessa m\u00e4\u00e4riteltyjen tarkoitusten toteuttamiseksi, ellei lains\u00e4\u00e4d\u00e4nt\u00f6 velvoita s\u00e4ilytt\u00e4m\u00e4\u00e4n niit\u00e4 pidemp\u00e4\u00e4n (esim. kirjanpitolaki). Vanhentuneet ja tarpeettomat tiedot h\u00e4vit\u00e4mme asiaankuuluvalla tavalla.<\/p>\n<h4><strong>Tietojen luovutus<\/strong><\/h4>\n<p>Rekisterin tiedot ovat ainoastaan INTO Concept Oy:n k\u00e4yt\u00f6ss\u00e4. Rekisterin tietoja ei luovuteta ulkopuolisille tahoille paitsi lains\u00e4\u00e4d\u00e4nn\u00f6n velvoittaessa.<\/p>\n<p>Rekister\u00f6ityneen henkil\u00f6tiedot h\u00e4vitet\u00e4\u00e4n k\u00e4ytt\u00e4j\u00e4n pyynn\u00f6st\u00e4, ellei lains\u00e4\u00e4d\u00e4nt\u00f6, sopimuksellinen asia tai palveluntuottaminen henkil\u00f6lle est\u00e4 tietojen poistamista.<\/p>\n<h4><strong>Tietojen luovutus ja siirto Euroopan unionin tai Euroopan talousalueen ulkopuolelle<\/strong><\/h4>\n<p>Henkil\u00f6tietoja voidaan siirt\u00e4\u00e4 EU:n ja ETA:n ulkopuolelle, jos k\u00e4yt\u00e4mme palveluntarjoajia, joiden palvelimet sijaitsevat muualla. T\u00e4ll\u00f6in varmistamme, ett\u00e4 siirrot tehd\u00e4\u00e4n aina EU:n tietosuojavaatimusten mukaisesti ja tietosuoja on riitt\u00e4v\u00e4.<\/p>\n<h4><strong>Rekisterin suojauksen periaatteet<\/strong><\/h4>\n<p>Tietoja k\u00e4sitell\u00e4\u00e4n luottamuksellisesti ja ne on suojattu toimialalla yleisesti hyv\u00e4ksytyin teknisin ja organisatorisin keinoin (palomuurit, salasanat, k\u00e4ytt\u00f6oikeuksien hallinta).<\/p>\n<p data-start=\"3376\" data-end=\"3478\">P\u00e4\u00e4sy tietoihin on vain niill\u00e4 ty\u00f6ntekij\u00f6ill\u00e4, jotka tarvitsevat tietoja ty\u00f6teht\u00e4viens\u00e4 hoitamiseen.<\/p>\n<h5><strong>Manuaalinen aineisto<\/strong><\/h5>\n<p>Manuaalista aineistoa ei ole.<\/p>\n<h5><strong>S\u00e4hk\u00f6isesti tallennetut tiedot<\/strong><\/h5>\n<p>Tiedot tallennetaan j\u00e4rjestelmiin ja pilvipalveluihin, jotka ovat suojattuja. Varmuuskopiointi tehd\u00e4\u00e4n s\u00e4\u00e4nn\u00f6llisesti, ja varmuuskopiot s\u00e4ilytet\u00e4\u00e4n turvallisissa ymp\u00e4rist\u00f6iss\u00e4.<\/p>\n<h4><strong>Rekister\u00f6idyn oikeudet<\/strong><\/h4>\n<p>Rekister\u00f6idyll\u00e4 on oikeus tarkastaa itse\u00e4\u00e4n koskevat tiedot, vaatia virheellisten tietojen oikaisua tai tietojen poistamista sek\u00e4 rajoittaa tai vastustaa tietojen k\u00e4sittely\u00e4. Lis\u00e4ksi h\u00e4nell\u00e4 on oikeus peruuttaa aiemmin antamansa suostumus. Rekister\u00f6idyll\u00e4 on my\u00f6s oikeus kielt\u00e4\u00e4 henkil\u00f6tietojensa k\u00e4ytt\u00f6 suoramarkkinointiin.<\/p>\n<h4><strong>Ev\u00e4steet<\/strong><\/h4>\n<p>Sivustomme k\u00e4ytt\u00e4\u00e4 ev\u00e4steit\u00e4 sivuston toimivuuden varmistamiseksi, k\u00e4yt\u00f6n analysoimiseksi ja markkinoinnin kohdentamiseksi. K\u00e4yt\u00e4mme ev\u00e4steiden hallintaan Cookiebot -palvelua, jonka kautta k\u00e4ytt\u00e4j\u00e4 voi antaa tai peruuttaa suostumuksensa milloin tahansa. K\u00e4ytt\u00e4j\u00e4 voi muuttaa ev\u00e4steasetuksiaan klikkaamalla sivustolla n\u00e4kyv\u00e4\u00e4 ev\u00e4steilmoitusta.<\/p>\n<p data-start=\"2446\" data-end=\"2601\">Suostumuksen perusteella k\u00e4yt\u00e4mme kolmansien osapuolten ty\u00f6kaluja, kuten Google Analyticsia, Microsoft Claritya ja muita markkinoinnin seurantaty\u00f6kaluja.<\/p>\t\t\t\t\t\t\t\t<\/div>\n\t\t\t\t\t<\/div>\n\t\t\t\t<\/div>\n\t\t<div class=\"elementor-element elementor-element-b91c4c9 e-flex e-con-boxed e-con e-parent\" data-id=\"b91c4c9\" data-element_type=\"container\" data-e-type=\"container\">\n\t\t\t\t\t<div class=\"e-con-inner\">\n\t\t\t\t<div class=\"elementor-element elementor-element-ce6e0b6 elementor-widget elementor-widget-n-accordion\" data-id=\"ce6e0b6\" data-element_type=\"widget\" data-e-type=\"widget\" data-settings=\"{&quot;default_state&quot;:&quot;expanded&quot;,&quot;max_items_expended&quot;:&quot;one&quot;,&quot;n_accordion_animation_duration&quot;:{&quot;unit&quot;:&quot;ms&quot;,&quot;size&quot;:400,&quot;sizes&quot;:[]}}\" data-widget_type=\"nested-accordion.default\">\n\t\t\t\t\t\t\t<div class=\"e-n-accordion\" aria-label=\"Accordion. Open links with Enter or Space, close with Escape, and navigate with Arrow Keys\">\n\t\t\t\t\t\t<details id=\"evasteet\" class=\"e-n-accordion-item\" open>\n\t\t\t\t<summary class=\"e-n-accordion-item-title\" data-accordion-index=\"1\" tabindex=\"0\" aria-expanded=\"true\" aria-controls=\"evasteet\" >\n\t\t\t\t\t<span class='e-n-accordion-item-title-header'><div class=\"e-n-accordion-item-title-text\"> Ev\u00e4steseloste <\/div><\/span>\n\t\t\t\t\t\t\t<span class='e-n-accordion-item-title-icon'>\n\t\t\t<span class='e-opened' ><svg aria-hidden=\"true\" class=\"e-font-icon-svg e-fas-minus\" viewBox=\"0 0 448 512\" xmlns=\"http:\/\/www.w3.org\/2000\/svg\"><path d=\"M416 208H32c-17.67 0-32 14.33-32 32v32c0 17.67 14.33 32 32 32h384c17.67 0 32-14.33 32-32v-32c0-17.67-14.33-32-32-32z\"><\/path><\/svg><\/span>\n\t\t\t<span class='e-closed'><svg aria-hidden=\"true\" class=\"e-font-icon-svg e-fas-plus\" viewBox=\"0 0 448 512\" xmlns=\"http:\/\/www.w3.org\/2000\/svg\"><path d=\"M416 208H272V64c0-17.67-14.33-32-32-32h-32c-17.67 0-32 14.33-32 32v144H32c-17.67 0-32 14.33-32 32v32c0 17.67 14.33 32 32 32h144v144c0 17.67 14.33 32 32 32h32c17.67 0 32-14.33 32-32V304h144c17.67 0 32-14.33 32-32v-32c0-17.67-14.33-32-32-32z\"><\/path><\/svg><\/span>\n\t\t<\/span>\n\n\t\t\t\t\t\t<\/summary>\n\t\t\t\t<div role=\"region\" aria-labelledby=\"evasteet\" class=\"elementor-element elementor-element-8d203cd e-con-full e-flex e-con e-child\" data-id=\"8d203cd\" data-element_type=\"container\" data-e-type=\"container\">\n\t\t<div role=\"region\" aria-labelledby=\"evasteet\" class=\"elementor-element elementor-element-6f2cd0a e-flex e-con-boxed e-con e-child\" data-id=\"6f2cd0a\" data-element_type=\"container\" data-e-type=\"container\">\n\t\t\t\t\t<div class=\"e-con-inner\">\n\t\t\t\t<div class=\"elementor-element elementor-element-3531d01 elementor-widget elementor-widget-html\" data-id=\"3531d01\" data-element_type=\"widget\" data-e-type=\"widget\" data-widget_type=\"html.default\">\n\t\t\t\t\t<html>\r\n  ...\r\n<body>\r\n  <h1>Cookie Declaration<\/h1>\r\n  <script id=\"CookieDeclaration\" src=\"https:\/\/consent.cookiebot.com\/5dd6b3b7-6cad-4719-997a-a3e30e2f96ab\/cd.js\" type=\"text\/javascript\" async><\/script>\r\n<\/body>\r\n<\/html> \t\t\t\t<\/div>\n\t\t\t\t\t<\/div>\n\t\t\t\t<\/div>\n\t\t\t\t<\/div>\n\t\t\t\t\t<\/details>\n\t\t\t\t\t<\/div>\n\t\t\t\t\t\t<\/div>\n\t\t\t\t\t<\/div>\n\t\t\t\t<\/div>\n\t\t\t\t<\/div>\n\t\t","protected":false},"excerpt":{"rendered":"<p>Sis\u00e4lt\u00f6 INTO Concept Oy \u2013 Tietosuojaseloste T\u00e4m\u00e4 tietosuojaseloste on laadittu EU:n yleisen tietosuoja-asetuksen (GDPR) ja Suomen tietosuojalain mukaisesti. Rekisterinpit\u00e4j\u00e4INTO Concept OyLemuntie 3-5 C00570 HelsinkiPuh. +358 40 351 8298E-mail: contact@intoconcept.com Rekisterin nimi INTO Concept Oy:n asiakas- ja markkinointirekisteri. Henkil\u00f6tietojen k\u00e4sittelyn tarkoitus Henkil\u00f6tietoja k\u00e4ytet\u00e4\u00e4n asiakassuhteen hoitoon, asiakasviestint\u00e4\u00e4n sek\u00e4 markkinointiin. Tavoitteena on kohdentaa viestint\u00e4mme niin, ett\u00e4 se vastaa [&hellip;]<\/p>\n","protected":false},"author":1,"featured_media":0,"parent":0,"menu_order":0,"comment_status":"closed","ping_status":"open","template":"elementor_header_footer","meta":{"_acf_changed":false,"_improvement_type_select":"improve_an_existing","_thumb_yes_seoaic":false,"_frame_yes_seoaic":false,"seoaic_generate_description":"","seoaic_improve_instructions_prompt":"","seoaic_rollback_content_improvement":"","seoaic_idea_thumbnail_generator":"","thumbnail_generated":false,"thumbnail_generate_prompt":"","seoaic_article_description":"","footnotes":""},"class_list":["post-3","page","type-page","status-publish","hentry"],"acf":[],"_links":{"self":[{"href":"https:\/\/intoconcept.com\/en\/wp-json\/wp\/v2\/pages\/3","targetHints":{"allow":["GET"]}}],"collection":[{"href":"https:\/\/intoconcept.com\/en\/wp-json\/wp\/v2\/pages"}],"about":[{"href":"https:\/\/intoconcept.com\/en\/wp-json\/wp\/v2\/types\/page"}],"author":[{"embeddable":true,"href":"https:\/\/intoconcept.com\/en\/wp-json\/wp\/v2\/users\/1"}],"replies":[{"embeddable":true,"href":"https:\/\/intoconcept.com\/en\/wp-json\/wp\/v2\/comments?post=3"}],"version-history":[{"count":3,"href":"https:\/\/intoconcept.com\/en\/wp-json\/wp\/v2\/pages\/3\/revisions"}],"predecessor-version":[{"id":29075,"href":"https:\/\/intoconcept.com\/en\/wp-json\/wp\/v2\/pages\/3\/revisions\/29075"}],"wp:attachment":[{"href":"https:\/\/intoconcept.com\/en\/wp-json\/wp\/v2\/media?parent=3"}],"curies":[{"name":"wp","href":"https:\/\/api.w.org\/{rel}","templated":true}]}}