{"id":18146,"date":"2024-12-04T11:20:47","date_gmt":"2024-12-04T09:20:47","guid":{"rendered":"https:\/\/intoconcept.com\/?post_type=product&#038;p=18146"},"modified":"2026-04-15T12:13:32","modified_gmt":"2026-04-15T12:13:32","slug":"pod-3-enclosed-working-and-meeting-space","status":"publish","type":"product","link":"https:\/\/intoconcept.com\/en\/product\/pod-3-enclosed-working-and-meeting-space\/","title":{"rendered":"POD 3 \u2013 soundproof work and meeting room"},"content":{"rendered":"<p><strong>POD 3<\/strong> <span data-teams=\"true\">is a soundproof meeting room with Class A acoustics<\/span> ty\u00f6- ja neuvottelutila, joka sopii 1-4 henkil\u00f6lle. Se tarjoaa kompaktin ymp\u00e4rist\u00f6n keskittyneeseen ty\u00f6skentelyyn ja muuntautuu helposti pieneksi kokoushuoneeksi tiimipalavereita varten.<\/p>\n<p>Price: <strong>16 110 \u20ac<\/strong> or <strong>.<\/strong><strong>\u00a0<\/strong>(VAT 0%)<br \/>\nFreight and installation not included<\/p>","protected":false},"featured_media":29086,"parent":0,"template":"","meta":{"_acf_changed":false,"_improvement_type_select":"improve_an_existing","_thumb_yes_seoaic":false,"_frame_yes_seoaic":false,"seoaic_generate_description":"","seoaic_improve_instructions_prompt":"","seoaic_rollback_content_improvement":"","seoaic_idea_thumbnail_generator":"","thumbnail_generated":false,"thumbnail_generate_prompt":"","seoaic_article_description":""},"product-category":[15],"class_list":["post-18146","product","type-product","status-publish","has-post-thumbnail","hentry","product-category-pod-huoneet"],"acf":[],"_links":{"self":[{"href":"https:\/\/intoconcept.com\/en\/wp-json\/wp\/v2\/product\/18146","targetHints":{"allow":["GET"]}}],"collection":[{"href":"https:\/\/intoconcept.com\/en\/wp-json\/wp\/v2\/product"}],"about":[{"href":"https:\/\/intoconcept.com\/en\/wp-json\/wp\/v2\/types\/product"}],"wp:featuredmedia":[{"embeddable":true,"href":"https:\/\/intoconcept.com\/en\/wp-json\/wp\/v2\/media\/29086"}],"wp:attachment":[{"href":"https:\/\/intoconcept.com\/en\/wp-json\/wp\/v2\/media?parent=18146"}],"wp:term":[{"taxonomy":"product-category","embeddable":true,"href":"https:\/\/intoconcept.com\/en\/wp-json\/wp\/v2\/product-category?post=18146"}],"curies":[{"name":"wp","href":"https:\/\/api.w.org\/{rel}","templated":true}]}}