{"id":1545,"date":"2018-09-04T13:38:13","date_gmt":"2018-09-04T10:38:13","guid":{"rendered":"https:\/\/intoconcept.com\/?post_type=product&#038;p=1545"},"modified":"2026-03-31T11:52:35","modified_gmt":"2026-03-31T11:52:35","slug":"cube-lobby-sofa","status":"publish","type":"product","link":"https:\/\/intoconcept.com\/es\/producto\/cube-lobby-sofa\/","title":{"rendered":"Sof\u00e1 CUBE"},"content":{"rendered":"<p><strong>CUBO<\/strong>-es una soluci\u00f3n dise\u00f1ada para vest\u00edbulos y oficinas que proporciona protecci\u00f3n ac\u00fastica y visual.<\/p>\n<p>Visite\u00a0<a href=\"https:\/\/intoconcept.com\/es\/referencia\/trimble-oficina-multifuncional-de-6-plantas\/\">a<\/a>, donde se utiliza el sof\u00e1 CUBE.<\/p>\n<p>Precio: <strong>3 060 \u20ac<\/strong> (IVA 0%)<br \/>\nPortes e instalaci\u00f3n no incluidos<\/p>","protected":false},"featured_media":21873,"parent":0,"template":"","meta":{"_acf_changed":false,"_improvement_type_select":"improve_an_existing","_thumb_yes_seoaic":false,"_frame_yes_seoaic":false,"seoaic_generate_description":"","seoaic_improve_instructions_prompt":"","seoaic_rollback_content_improvement":"","seoaic_idea_thumbnail_generator":"","thumbnail_generated":false,"thumbnail_generate_prompt":"","seoaic_article_description":""},"product-category":[21],"class_list":["post-1545","product","type-product","status-publish","has-post-thumbnail","hentry","product-category-istuinkalusteet"],"acf":[],"_links":{"self":[{"href":"https:\/\/intoconcept.com\/es\/wp-json\/wp\/v2\/product\/1545","targetHints":{"allow":["GET"]}}],"collection":[{"href":"https:\/\/intoconcept.com\/es\/wp-json\/wp\/v2\/product"}],"about":[{"href":"https:\/\/intoconcept.com\/es\/wp-json\/wp\/v2\/types\/product"}],"wp:featuredmedia":[{"embeddable":true,"href":"https:\/\/intoconcept.com\/es\/wp-json\/wp\/v2\/media\/21873"}],"wp:attachment":[{"href":"https:\/\/intoconcept.com\/es\/wp-json\/wp\/v2\/media?parent=1545"}],"wp:term":[{"taxonomy":"product-category","embeddable":true,"href":"https:\/\/intoconcept.com\/es\/wp-json\/wp\/v2\/product-category?post=1545"}],"curies":[{"name":"wp","href":"https:\/\/api.w.org\/{rel}","templated":true}]}}