{"id":1553,"date":"2018-09-04T13:44:29","date_gmt":"2018-09-04T10:44:29","guid":{"rendered":"https:\/\/intoconcept.com\/?post_type=product&#038;p=1553"},"modified":"2026-02-19T14:30:46","modified_gmt":"2026-02-19T14:30:46","slug":"caja-expositora-nayttoteline","status":"publish","type":"product","link":"https:\/\/intoconcept.com\/es\/producto\/caja-expositora-nayttoteline\/","title":{"rendered":"POD -CAJA DE VISUALIZACI\u00d3N"},"content":{"rendered":"<p><strong>CAJA DE PRESENTACI\u00d3N<\/strong>\u00a0es un pr\u00e1ctico expositor dise\u00f1ado para salas POD. Este soporte de pantalla le permite ocultar cables y alambres que distraen la atenci\u00f3n, y tiene un aspecto que combina perfectamente con el estilo de las salas POD. Las pantallas y los accesorios de montaje no est\u00e1n incluidos.<\/p>\n<p>Precio:<strong> 870 \u20ac<\/strong> (IVA 0%)<\/p>\n<p>&nbsp;<\/p>","protected":false},"featured_media":2130,"parent":0,"template":"","meta":{"_acf_changed":false,"_improvement_type_select":"improve_an_existing","_thumb_yes_seoaic":false,"_frame_yes_seoaic":false,"seoaic_generate_description":"","seoaic_improve_instructions_prompt":"","seoaic_rollback_content_improvement":"","seoaic_idea_thumbnail_generator":"","thumbnail_generated":false,"thumbnail_generate_prompt":"","seoaic_article_description":""},"product-category":[24],"class_list":["post-1553","product","type-product","status-publish","has-post-thumbnail","hentry","product-category-oheistuotteet"],"acf":[],"_links":{"self":[{"href":"https:\/\/intoconcept.com\/es\/wp-json\/wp\/v2\/product\/1553","targetHints":{"allow":["GET"]}}],"collection":[{"href":"https:\/\/intoconcept.com\/es\/wp-json\/wp\/v2\/product"}],"about":[{"href":"https:\/\/intoconcept.com\/es\/wp-json\/wp\/v2\/types\/product"}],"wp:featuredmedia":[{"embeddable":true,"href":"https:\/\/intoconcept.com\/es\/wp-json\/wp\/v2\/media\/2130"}],"wp:attachment":[{"href":"https:\/\/intoconcept.com\/es\/wp-json\/wp\/v2\/media?parent=1553"}],"wp:term":[{"taxonomy":"product-category","embeddable":true,"href":"https:\/\/intoconcept.com\/es\/wp-json\/wp\/v2\/product-category?post=1553"}],"curies":[{"name":"wp","href":"https:\/\/api.w.org\/{rel}","templated":true}]}}