{"id":1557,"date":"2018-09-04T13:48:05","date_gmt":"2018-09-04T10:48:05","guid":{"rendered":"https:\/\/intoconcept.com\/?post_type=product&#038;p=1557"},"modified":"2026-03-31T12:22:34","modified_gmt":"2026-03-31T12:22:34","slug":"foco-acustico-tyopoint","status":"publish","type":"product","link":"https:\/\/intoconcept.com\/es\/producto\/foco-acustico-tyopoint\/","title":{"rendered":"Estaci\u00f3n de trabajo ac\u00fastica FOCUS"},"content":{"rendered":"<p><strong>ENFOQUE\u00a0<\/strong>es una estaci\u00f3n de trabajo ac\u00fastica que ofrece a su usuario protecci\u00f3n visual y silencio mientras trabaja.<\/p>\n<p>Visite\u00a0<a href=\"https:\/\/intoconcept.com\/es\/referencia\/oficina-multipiso-ticket-fi\/\">a<\/a>, donde est\u00e1 funcionando el puesto de trabajo FOCUS.<\/p>\n<p>Precio: <strong>3 450 \u20ac <\/strong>(IVA 0%)<br \/>\nPortes e instalaci\u00f3n no incluidos<\/p>","protected":false},"featured_media":29111,"parent":0,"template":"","meta":{"_acf_changed":false,"_improvement_type_select":"improve_an_existing","_thumb_yes_seoaic":false,"_frame_yes_seoaic":false,"seoaic_generate_description":"","seoaic_improve_instructions_prompt":"","seoaic_rollback_content_improvement":"","seoaic_idea_thumbnail_generator":"","thumbnail_generated":false,"thumbnail_generate_prompt":"","seoaic_article_description":""},"product-category":[22],"class_list":["post-1557","product","type-product","status-publish","has-post-thumbnail","hentry","product-category-poydat-tyopisteet"],"acf":[],"_links":{"self":[{"href":"https:\/\/intoconcept.com\/es\/wp-json\/wp\/v2\/product\/1557","targetHints":{"allow":["GET"]}}],"collection":[{"href":"https:\/\/intoconcept.com\/es\/wp-json\/wp\/v2\/product"}],"about":[{"href":"https:\/\/intoconcept.com\/es\/wp-json\/wp\/v2\/types\/product"}],"wp:featuredmedia":[{"embeddable":true,"href":"https:\/\/intoconcept.com\/es\/wp-json\/wp\/v2\/media\/29111"}],"wp:attachment":[{"href":"https:\/\/intoconcept.com\/es\/wp-json\/wp\/v2\/media?parent=1557"}],"wp:term":[{"taxonomy":"product-category","embeddable":true,"href":"https:\/\/intoconcept.com\/es\/wp-json\/wp\/v2\/product-category?post=1557"}],"curies":[{"name":"wp","href":"https:\/\/api.w.org\/{rel}","templated":true}]}}