{"id":1599,"date":"2018-09-04T14:09:15","date_gmt":"2018-09-04T11:09:15","guid":{"rendered":"https:\/\/intoconcept.com\/?post_type=product&#038;p=1599"},"modified":"2026-03-11T11:57:18","modified_gmt":"2026-03-11T11:57:18","slug":"modo-pod-roll-con-pyorilla","status":"publish","type":"product","link":"https:\/\/intoconcept.com\/es\/producto\/modo-pod-roll-con-pyorilla\/","title":{"rendered":"Debate y espacio de trabajo POD ROLL"},"content":{"rendered":"<p><strong>POD ROLL<\/strong> es un espacio de trabajo ac\u00fastico para 2-4 personas para reuniones espont\u00e1neas, trabajo independiente y pausas. Es un espacio de trabajo sobre ruedas, lo que permite desplazarlo y girarlo f\u00e1cilmente seg\u00fan cambien las necesidades de espacio.<\/p>\n<p>Visite\u00a0<a href=\"https:\/\/intoconcept.com\/es\/referencia\/telia-paakonttori\/\">a<\/a>, donde POD ROLL est\u00e1 en uso.<\/p>\n<p>Precio: <strong>13 135 \u20ac<\/strong> - <strong>.<\/strong><strong>\u00a0<\/strong>(IVA 0 %)<br \/>\nEl transporte y la instalaci\u00f3n no est\u00e1n incluidos en el precio.<\/p>\n<p>&nbsp;<\/p>","protected":false},"featured_media":16354,"parent":0,"template":"","meta":{"_acf_changed":false,"_improvement_type_select":"improve_an_existing","_thumb_yes_seoaic":false,"_frame_yes_seoaic":false,"seoaic_generate_description":"","seoaic_improve_instructions_prompt":"","seoaic_rollback_content_improvement":"","seoaic_idea_thumbnail_generator":"","thumbnail_generated":false,"thumbnail_generate_prompt":"","seoaic_article_description":""},"product-category":[15],"class_list":["post-1599","product","type-product","status-publish","has-post-thumbnail","hentry","product-category-pod-huoneet"],"acf":[],"_links":{"self":[{"href":"https:\/\/intoconcept.com\/es\/wp-json\/wp\/v2\/product\/1599","targetHints":{"allow":["GET"]}}],"collection":[{"href":"https:\/\/intoconcept.com\/es\/wp-json\/wp\/v2\/product"}],"about":[{"href":"https:\/\/intoconcept.com\/es\/wp-json\/wp\/v2\/types\/product"}],"wp:featuredmedia":[{"embeddable":true,"href":"https:\/\/intoconcept.com\/es\/wp-json\/wp\/v2\/media\/16354"}],"wp:attachment":[{"href":"https:\/\/intoconcept.com\/es\/wp-json\/wp\/v2\/media?parent=1599"}],"wp:term":[{"taxonomy":"product-category","embeddable":true,"href":"https:\/\/intoconcept.com\/es\/wp-json\/wp\/v2\/product-category?post=1599"}],"curies":[{"name":"wp","href":"https:\/\/api.w.org\/{rel}","templated":true}]}}