{"id":1623,"date":"2018-09-04T14:48:34","date_gmt":"2018-09-04T11:48:34","guid":{"rendered":"https:\/\/intoconcept.com\/?post_type=product&#038;p=1623"},"modified":"2026-03-31T12:24:01","modified_gmt":"2026-03-31T12:24:01","slug":"rodar-en-tyo-punto-con-pyor","status":"publish","type":"product","link":"https:\/\/intoconcept.com\/es\/producto\/rodar-en-tyo-punto-con-pyor\/","title":{"rendered":"Estaci\u00f3n de trabajo ROLL IN sobre ruedas"},"content":{"rendered":"<p><strong>ENROLLARSE\u00a0<\/strong>es una estaci\u00f3n de trabajo ac\u00fastica sobre ruedas que ofrece un lugar de concentraci\u00f3n independiente en el lugar de trabajo o en casa.<\/p>\n<p>Visite\u00a0<a href=\"\/es\/referencia\/trimble-oficina-multifuncional-de-6-plantas\/\">a<\/a>, donde se utiliza la estaci\u00f3n de trabajo ROLL IN.<\/p>\n<p>Precio:<strong> 2 045 \u20ac<\/strong><strong>\u00a0<\/strong>(IVA 0%)<br \/>\nPortes e instalaci\u00f3n no incluidos<\/p>","protected":false},"featured_media":21776,"parent":0,"template":"","meta":{"_acf_changed":false,"_improvement_type_select":"improve_an_existing","_thumb_yes_seoaic":false,"_frame_yes_seoaic":false,"seoaic_generate_description":"","seoaic_improve_instructions_prompt":"","seoaic_rollback_content_improvement":"","seoaic_idea_thumbnail_generator":"","thumbnail_generated":false,"thumbnail_generate_prompt":"","seoaic_article_description":""},"product-category":[22],"class_list":["post-1623","product","type-product","status-publish","has-post-thumbnail","hentry","product-category-poydat-tyopisteet"],"acf":[],"_links":{"self":[{"href":"https:\/\/intoconcept.com\/es\/wp-json\/wp\/v2\/product\/1623","targetHints":{"allow":["GET"]}}],"collection":[{"href":"https:\/\/intoconcept.com\/es\/wp-json\/wp\/v2\/product"}],"about":[{"href":"https:\/\/intoconcept.com\/es\/wp-json\/wp\/v2\/types\/product"}],"wp:featuredmedia":[{"embeddable":true,"href":"https:\/\/intoconcept.com\/es\/wp-json\/wp\/v2\/media\/21776"}],"wp:attachment":[{"href":"https:\/\/intoconcept.com\/es\/wp-json\/wp\/v2\/media?parent=1623"}],"wp:term":[{"taxonomy":"product-category","embeddable":true,"href":"https:\/\/intoconcept.com\/es\/wp-json\/wp\/v2\/product-category?post=1623"}],"curies":[{"name":"wp","href":"https:\/\/api.w.org\/{rel}","templated":true}]}}