{"id":30050,"date":"2025-12-15T11:11:50","date_gmt":"2025-12-15T11:11:50","guid":{"rendered":"https:\/\/intoconcept.com\/?post_type=product&#038;p=30050"},"modified":"2026-03-12T07:16:35","modified_gmt":"2026-03-12T07:16:35","slug":"punto-taburete-sofas","status":"publish","type":"product","link":"https:\/\/intoconcept.com\/es\/producto\/punto-taburete-sofas\/","title":{"rendered":"sof\u00e1s POINT STOOL"},"content":{"rendered":"<p><strong>TABURETE DE PUNTA <\/strong>- Sof\u00e1s ergon\u00f3micos Soluciones modulares de mobiliario flexible para vest\u00edbulos, salas de descanso y salas de reuniones. Est\u00e1n fabricados con materiales duraderos y la altura de su asiento favorece una postura de trabajo saludable. El dise\u00f1o modular permite combinar los sof\u00e1s de muchas maneras diferentes. Tambi\u00e9n son ideales para el mobiliario de enfermer\u00eda.<\/p>\n<p>Visite\u00a0<a href=\"https:\/\/intoconcept.com\/es\/referencia\/telia-paakonttori\/\">a<\/a>, que incluye sof\u00e1s POINT STOOL.<\/p>\n<p>Precio:<strong><br \/>\n<\/strong>POINT STOOL S <strong>370\u00a0\u20ac<\/strong>\u00a0(IVA 0%)<br \/>\nPUNTO STOOL M <strong>375 \u20ac<\/strong>\u00a0(IVA 0%)<br \/>\nPUNTO STOOL L <strong>440 \u20ac<\/strong>\u00a0(IVA 0%)<br \/>\nPortes e instalaci\u00f3n no incluidos<\/p>\n<p><iframe title=\"Reproductor de v\u00eddeo YouTube\" src=\"https:\/\/www.youtube.com\/embed\/L-ODMHbOKuE?si=eMXXUOSnHpLE3N5S\" width=\"560\" height=\"315\" frameborder=\"0\" allowfullscreen=\"allowfullscreen\"><\/iframe><\/p>","protected":false},"featured_media":21891,"parent":0,"template":"","meta":{"_acf_changed":false,"_improvement_type_select":"improve_an_existing","_thumb_yes_seoaic":false,"_frame_yes_seoaic":false,"seoaic_generate_description":"","seoaic_improve_instructions_prompt":"","seoaic_rollback_content_improvement":"","seoaic_idea_thumbnail_generator":"","thumbnail_generated":false,"thumbnail_generate_prompt":"","seoaic_article_description":""},"product-category":[21],"class_list":["post-30050","product","type-product","status-publish","has-post-thumbnail","hentry","product-category-istuinkalusteet"],"acf":[],"_links":{"self":[{"href":"https:\/\/intoconcept.com\/es\/wp-json\/wp\/v2\/product\/30050","targetHints":{"allow":["GET"]}}],"collection":[{"href":"https:\/\/intoconcept.com\/es\/wp-json\/wp\/v2\/product"}],"about":[{"href":"https:\/\/intoconcept.com\/es\/wp-json\/wp\/v2\/types\/product"}],"wp:featuredmedia":[{"embeddable":true,"href":"https:\/\/intoconcept.com\/es\/wp-json\/wp\/v2\/media\/21891"}],"wp:attachment":[{"href":"https:\/\/intoconcept.com\/es\/wp-json\/wp\/v2\/media?parent=30050"}],"wp:term":[{"taxonomy":"product-category","embeddable":true,"href":"https:\/\/intoconcept.com\/es\/wp-json\/wp\/v2\/product-category?post=30050"}],"curies":[{"name":"wp","href":"https:\/\/api.w.org\/{rel}","templated":true}]}}