{"id":30051,"date":"2025-12-15T11:16:13","date_gmt":"2025-12-15T11:16:13","guid":{"rendered":"https:\/\/intoconcept.com\/?post_type=product&#038;p=30051"},"modified":"2026-03-12T07:13:33","modified_gmt":"2026-03-12T07:13:33","slug":"sofas-point-low","status":"publish","type":"product","link":"https:\/\/intoconcept.com\/es\/producto\/sofas-point-low\/","title":{"rendered":"Sof\u00e1s POINT LOW"},"content":{"rendered":"<p><strong>PUNTO BAJO <\/strong>- Los sof\u00e1s ergon\u00f3micos son soluciones de mobiliario flexibles para vest\u00edbulos, zonas de descanso y salas de reuniones. Est\u00e1n fabricados con materiales duraderos y sus alturas de asiento favorecen una postura de trabajo saludable. El dise\u00f1o modular permite combinar los sof\u00e1s de muchas maneras diferentes. Tambi\u00e9n son ideales para el mobiliario de enfermer\u00eda.<\/p>\n<p>Visite\u00a0<a href=\"https:\/\/intoconcept.com\/es\/referencia\/renovacion-de-la-panaderia-orios\/\">a<\/a>, que incluye sof\u00e1s POINT.<\/p>\n<p>Precio:<strong>\u00a0<\/strong><br \/>\nPUNTO BAJO S <strong>445 \u20ac<\/strong> (IVA 0%)<br \/>\nPUNTO BAJO M <strong>530 \u20ac<\/strong> (IVA 0%)<br \/>\nPUNTO BAJO L <strong>685\u00a0\u20ac<\/strong> (IVA 0%)<br \/>\nPUNTO ESQUINA BAJO<strong> 670<\/strong>\u00a0<strong>\u20ac<\/strong> (IVA 0%)<br \/>\nCURVA DE PUNTOS EN BAJA<strong> 820<\/strong>\u00a0<strong>\u20ac<\/strong> (IVA 0%)<br \/>\nPUNTO CURVA FUERA BAJA<strong> 820\u00a0\u20ac<\/strong> (IVA 0%)<br \/>\nPUNTO ESQUINA EXTERIOR BAJA IZQUIERDA<strong> 960<\/strong>\u00a0<strong>\u20ac<\/strong> (IVA 0%)<br \/>\nPUNTO ESQUINA EXTERIOR BAJA DERECHA<strong> 960<\/strong>\u00a0<strong>\u20ac<\/strong> (IVA 0%)<br \/>\nPortes e instalaci\u00f3n no incluidos<\/p>\n<p><iframe title=\"Reproductor de v\u00eddeo YouTube\" src=\"https:\/\/www.youtube.com\/embed\/L-ODMHbOKuE?si=eMXXUOSnHpLE3N5S\" width=\"560\" height=\"315\" frameborder=\"0\" allowfullscreen=\"allowfullscreen\"><\/iframe><\/p>","protected":false},"featured_media":21891,"parent":0,"template":"","meta":{"_acf_changed":false,"_improvement_type_select":"improve_an_existing","_thumb_yes_seoaic":false,"_frame_yes_seoaic":false,"seoaic_generate_description":"","seoaic_improve_instructions_prompt":"","seoaic_rollback_content_improvement":"","seoaic_idea_thumbnail_generator":"","thumbnail_generated":false,"thumbnail_generate_prompt":"","seoaic_article_description":""},"product-category":[21],"class_list":["post-30051","product","type-product","status-publish","has-post-thumbnail","hentry","product-category-istuinkalusteet"],"acf":[],"_links":{"self":[{"href":"https:\/\/intoconcept.com\/es\/wp-json\/wp\/v2\/product\/30051","targetHints":{"allow":["GET"]}}],"collection":[{"href":"https:\/\/intoconcept.com\/es\/wp-json\/wp\/v2\/product"}],"about":[{"href":"https:\/\/intoconcept.com\/es\/wp-json\/wp\/v2\/types\/product"}],"wp:featuredmedia":[{"embeddable":true,"href":"https:\/\/intoconcept.com\/es\/wp-json\/wp\/v2\/media\/21891"}],"wp:attachment":[{"href":"https:\/\/intoconcept.com\/es\/wp-json\/wp\/v2\/media?parent=30051"}],"wp:term":[{"taxonomy":"product-category","embeddable":true,"href":"https:\/\/intoconcept.com\/es\/wp-json\/wp\/v2\/product-category?post=30051"}],"curies":[{"name":"wp","href":"https:\/\/api.w.org\/{rel}","templated":true}]}}