{"id":30052,"date":"2025-12-15T11:25:29","date_gmt":"2025-12-15T11:25:29","guid":{"rendered":"https:\/\/intoconcept.com\/?post_type=product&#038;p=30052"},"modified":"2026-03-12T07:15:59","modified_gmt":"2026-03-12T07:15:59","slug":"sofas-point-high","status":"publish","type":"product","link":"https:\/\/intoconcept.com\/es\/producto\/sofas-point-high\/","title":{"rendered":"Sof\u00e1s POINT HIGH"},"content":{"rendered":"<p><strong>PUNTO ALTO <\/strong>- Los sof\u00e1s ergon\u00f3micos son soluciones de mobiliario flexibles para vest\u00edbulos, zonas de descanso y salas de reuniones. Est\u00e1n fabricados con materiales duraderos y sus alturas de asiento favorecen una postura de trabajo saludable. El dise\u00f1o modular permite combinar los sof\u00e1s de muchas maneras diferentes. Tambi\u00e9n son ideales para el mobiliario de enfermer\u00eda.<\/p>\n<p>Visite\u00a0<a href=\"https:\/\/intoconcept.com\/es\/referencia\/oficina-multipiso-ticket-fi\/\">a<\/a>, que incluye sof\u00e1s POINT HIGH.<\/p>\n<p>Precio:<strong>\u00a0<\/strong><br \/>\nPUNTO ALTO S <strong>550 \u20ac<\/strong> (IVA 0%)<br \/>\nPUNTO ALTO M <strong>705 \u20ac<\/strong> (IVA 0%)<br \/>\nPUNTO ALTO L <strong>870 \u20ac<\/strong> (IVA 0%)<br \/>\nPUNTO ESQUINA ALTO<strong> 885<\/strong>\u00a0<strong>\u20ac<\/strong> (IVA 0%)<br \/>\nCURVA DE PUNTOS EN ALTA<strong> 1000<\/strong>\u00a0<strong>\u20ac<\/strong> (IVA 0%)<br \/>\nCURVA DE PUNTO FUERA ALTA<strong> 1000 \u20ac<\/strong> (IVA 0%)<br \/>\nPUNTO ESQUINA EXTERIOR ALTA IZQUIERDA<strong> 1180<\/strong>\u00a0<strong>\u20ac<\/strong> (IVA 0%)<br \/>\nPUNTO ESQUINA EXTERIOR ALTA DERECHA<strong> 1180<\/strong>\u00a0<strong>\u20ac<\/strong> (IVA 0%)<br \/>\nPortes e instalaci\u00f3n no incluidos<\/p>\n<p><iframe title=\"Reproductor de v\u00eddeo YouTube\" src=\"https:\/\/www.youtube.com\/embed\/L-ODMHbOKuE?si=eMXXUOSnHpLE3N5S\" width=\"560\" height=\"315\" frameborder=\"0\" allowfullscreen=\"allowfullscreen\"><\/iframe><\/p>","protected":false},"featured_media":30055,"parent":0,"template":"","meta":{"_acf_changed":false,"_improvement_type_select":"improve_an_existing","_thumb_yes_seoaic":false,"_frame_yes_seoaic":false,"seoaic_generate_description":"","seoaic_improve_instructions_prompt":"","seoaic_rollback_content_improvement":"","seoaic_idea_thumbnail_generator":"","thumbnail_generated":false,"thumbnail_generate_prompt":"","seoaic_article_description":""},"product-category":[21],"class_list":["post-30052","product","type-product","status-publish","has-post-thumbnail","hentry","product-category-istuinkalusteet"],"acf":[],"_links":{"self":[{"href":"https:\/\/intoconcept.com\/es\/wp-json\/wp\/v2\/product\/30052","targetHints":{"allow":["GET"]}}],"collection":[{"href":"https:\/\/intoconcept.com\/es\/wp-json\/wp\/v2\/product"}],"about":[{"href":"https:\/\/intoconcept.com\/es\/wp-json\/wp\/v2\/types\/product"}],"wp:featuredmedia":[{"embeddable":true,"href":"https:\/\/intoconcept.com\/es\/wp-json\/wp\/v2\/media\/30055"}],"wp:attachment":[{"href":"https:\/\/intoconcept.com\/es\/wp-json\/wp\/v2\/media?parent=30052"}],"wp:term":[{"taxonomy":"product-category","embeddable":true,"href":"https:\/\/intoconcept.com\/es\/wp-json\/wp\/v2\/product-category?post=30052"}],"curies":[{"name":"wp","href":"https:\/\/api.w.org\/{rel}","templated":true}]}}