{"id":30154,"date":"2026-01-05T07:21:44","date_gmt":"2026-01-05T07:21:44","guid":{"rendered":"https:\/\/intoconcept.com\/?post_type=product&#038;p=30154"},"modified":"2026-02-20T08:34:19","modified_gmt":"2026-02-20T08:34:19","slug":"hut_panels","status":"publish","type":"product","link":"https:\/\/intoconcept.com\/es\/producto\/hut_panels\/","title":{"rendered":"Paneles HUT"},"content":{"rendered":"<p><strong>HUT<\/strong> -Panel de pared para mayor privacidad visual. <a href=\"https:\/\/intoconcept.com\/es\/producto\/cabana\/\">Divisor HUT<\/a> Se suministra con un panel de pared peque\u00f1o. Se pueden a\u00f1adir paneles de pared seg\u00fan sea necesario.<\/p>\n<p>Precio: <strong>495-695 \u20ac<\/strong> (IVA 0%)<br \/>\nEl flete no est\u00e1 incluido en el precio.<\/p>","protected":false},"featured_media":30155,"parent":0,"template":"","meta":{"_acf_changed":false,"_improvement_type_select":"improve_an_existing","_thumb_yes_seoaic":false,"_frame_yes_seoaic":false,"seoaic_generate_description":"","seoaic_improve_instructions_prompt":"","seoaic_rollback_content_improvement":"","seoaic_idea_thumbnail_generator":"","thumbnail_generated":false,"thumbnail_generate_prompt":"","seoaic_article_description":""},"product-category":[24],"class_list":["post-30154","product","type-product","status-publish","has-post-thumbnail","hentry","product-category-oheistuotteet"],"acf":[],"_links":{"self":[{"href":"https:\/\/intoconcept.com\/es\/wp-json\/wp\/v2\/product\/30154","targetHints":{"allow":["GET"]}}],"collection":[{"href":"https:\/\/intoconcept.com\/es\/wp-json\/wp\/v2\/product"}],"about":[{"href":"https:\/\/intoconcept.com\/es\/wp-json\/wp\/v2\/types\/product"}],"wp:featuredmedia":[{"embeddable":true,"href":"https:\/\/intoconcept.com\/es\/wp-json\/wp\/v2\/media\/30155"}],"wp:attachment":[{"href":"https:\/\/intoconcept.com\/es\/wp-json\/wp\/v2\/media?parent=30154"}],"wp:term":[{"taxonomy":"product-category","embeddable":true,"href":"https:\/\/intoconcept.com\/es\/wp-json\/wp\/v2\/product-category?post=30154"}],"curies":[{"name":"wp","href":"https:\/\/api.w.org\/{rel}","templated":true}]}}