{"id":12383,"date":"2020-11-03T11:08:36","date_gmt":"2020-11-03T09:08:36","guid":{"rendered":"https:\/\/intoconcept.com\/?post_type=product&#038;p=12383"},"modified":"2026-02-20T08:51:53","modified_gmt":"2026-02-20T08:51:53","slug":"tussiteline","status":"publish","type":"product","link":"https:\/\/intoconcept.com\/fi\/product\/tussiteline\/","title":{"rendered":"STORY WALL -tussiteline"},"content":{"rendered":"<p><strong data-start=\"133\" data-end=\"230\">STORY WALL -tussiteline <\/strong>tekee ty\u00f6skentelyst\u00e4 helpompaa, kun tarvittavat v\u00e4lineet ovat l\u00e4hell\u00e4 tussitaulua. Tussiteline asetetaan tilanjakajassa olevaan uraan, jossa se pysyy tukevasti paikallaan tilanjakajan sis\u00e4ss\u00e4 olevien magneettien ansiosta.<\/p>\n<p>Hinta:<strong> 140 \u20ac<\/strong> (alv 0%)<\/p>\n<p>&nbsp;<\/p>\n<p>&nbsp;<\/p>\n<p>&nbsp;<\/p>\n","protected":false},"featured_media":12770,"parent":0,"template":"","meta":{"_acf_changed":false,"_improvement_type_select":"improve_an_existing","_thumb_yes_seoaic":false,"_frame_yes_seoaic":false,"seoaic_generate_description":"","seoaic_improve_instructions_prompt":"","seoaic_rollback_content_improvement":"","seoaic_idea_thumbnail_generator":"","thumbnail_generated":false,"thumbnail_generate_prompt":"","seoaic_article_description":""},"product-category":[24],"class_list":["post-12383","product","type-product","status-publish","has-post-thumbnail","hentry","product-category-oheistuotteet"],"acf":[],"_links":{"self":[{"href":"https:\/\/intoconcept.com\/fi\/wp-json\/wp\/v2\/product\/12383","targetHints":{"allow":["GET"]}}],"collection":[{"href":"https:\/\/intoconcept.com\/fi\/wp-json\/wp\/v2\/product"}],"about":[{"href":"https:\/\/intoconcept.com\/fi\/wp-json\/wp\/v2\/types\/product"}],"wp:featuredmedia":[{"embeddable":true,"href":"https:\/\/intoconcept.com\/fi\/wp-json\/wp\/v2\/media\/12770"}],"wp:attachment":[{"href":"https:\/\/intoconcept.com\/fi\/wp-json\/wp\/v2\/media?parent=12383"}],"wp:term":[{"taxonomy":"product-category","embeddable":true,"href":"https:\/\/intoconcept.com\/fi\/wp-json\/wp\/v2\/product-category?post=12383"}],"curies":[{"name":"wp","href":"https:\/\/api.w.org\/{rel}","templated":true}]}}