{"id":12689,"date":"2020-12-15T09:58:29","date_gmt":"2020-12-15T07:58:29","guid":{"rendered":"https:\/\/intoconcept.com\/?post_type=product&#038;p=12689"},"modified":"2026-02-20T08:55:43","modified_gmt":"2026-02-20T08:55:43","slug":"tv-teline-story-walliin","status":"publish","type":"product","link":"https:\/\/intoconcept.com\/fi\/product\/tv-teline-story-walliin\/","title":{"rendered":"STORY WALL -TV-teline"},"content":{"rendered":"<p><strong>STORY WALL -TV-teline<\/strong> tekee television kiinnitt\u00e4misest\u00e4 tilanjakajaan vaivatonta. Voit esitt\u00e4\u00e4 videoita, kuvia ja muuta materiaalia helposti tai muuttaa taukotilasi pelialueeksi ty\u00f6ajan j\u00e4lkeen. TV-telineratkaisu sis\u00e4lt\u00e4\u00e4 &#8221;42 n\u00e4yt\u00f6lle soveltuvan sein\u00e4telineen ja tussitelineen, jossa on paikka jatkojohdolle.<\/p>\n<p>Hinta:<strong> 370 \u20ac<\/strong> (alv 0%)<\/p>\n<p>&nbsp;<\/p>\n<p>&nbsp;<\/p>\n","protected":false},"featured_media":29112,"parent":0,"template":"","meta":{"_acf_changed":false,"_improvement_type_select":"improve_an_existing","_thumb_yes_seoaic":false,"_frame_yes_seoaic":false,"seoaic_generate_description":"","seoaic_improve_instructions_prompt":"","seoaic_rollback_content_improvement":"","seoaic_idea_thumbnail_generator":"","thumbnail_generated":false,"thumbnail_generate_prompt":"","seoaic_article_description":""},"product-category":[24],"class_list":["post-12689","product","type-product","status-publish","has-post-thumbnail","hentry","product-category-oheistuotteet"],"acf":[],"_links":{"self":[{"href":"https:\/\/intoconcept.com\/fi\/wp-json\/wp\/v2\/product\/12689","targetHints":{"allow":["GET"]}}],"collection":[{"href":"https:\/\/intoconcept.com\/fi\/wp-json\/wp\/v2\/product"}],"about":[{"href":"https:\/\/intoconcept.com\/fi\/wp-json\/wp\/v2\/types\/product"}],"wp:featuredmedia":[{"embeddable":true,"href":"https:\/\/intoconcept.com\/fi\/wp-json\/wp\/v2\/media\/29112"}],"wp:attachment":[{"href":"https:\/\/intoconcept.com\/fi\/wp-json\/wp\/v2\/media?parent=12689"}],"wp:term":[{"taxonomy":"product-category","embeddable":true,"href":"https:\/\/intoconcept.com\/fi\/wp-json\/wp\/v2\/product-category?post=12689"}],"curies":[{"name":"wp","href":"https:\/\/api.w.org\/{rel}","templated":true}]}}