{"id":12849,"date":"2021-01-11T16:09:00","date_gmt":"2021-01-11T14:09:00","guid":{"rendered":"https:\/\/intoconcept.com\/?post_type=product&#038;p=12849"},"modified":"2026-04-13T08:52:31","modified_gmt":"2026-04-13T08:52:31","slug":"pod-roll-glass-aanieristetty-tyotila","status":"publish","type":"product","link":"https:\/\/intoconcept.com\/fi\/product\/pod-roll-glass-aanieristetty-tyotila\/","title":{"rendered":"POD ROLL GLASS \u00e4\u00e4nieristetty ty\u00f6tila"},"content":{"rendered":"<div class=\"entry-header__ingress ingress\">\n<p><span style=\"font-size: 1rem;\"><strong>POD ROLL GLASS<\/strong> <span data-teams=\"true\">A-luokan akustiikalla varustettu \u00e4\u00e4nieristetty<\/span> ty\u00f6tila, joka on tarkoitettu 2-4 henkil\u00f6lle spontaaneihin kokouksiin ja itsen\u00e4iseen ty\u00f6skentelyyn. Se on py\u00f6rill\u00e4 varustettu ty\u00f6tila, jonka ansiosta sit\u00e4 voidaan siirt\u00e4\u00e4 ja k\u00e4\u00e4nt\u00e4\u00e4 vaivattomasti tilatarpeiden muuttuessa.\u00a0<\/span><\/p>\n<\/div>\n<div class=\"entry-header__ingress ingress\">\n<p>Hinta: <strong>14 830 \u20ac<\/strong> tai<strong> 506 \u20ac \/ kk <\/strong>(alv 0 %)<br \/>\nRahti ja asennus eiv\u00e4t sis\u00e4lly hintaan.<\/p>\n<p>&nbsp;<\/p>\n<\/div>\n<p><iframe title=\"YouTube video player\" src=\"https:\/\/www.youtube.com\/embed\/Jy4w0tH5C1Q?si=NoPKa399DGLlYA_8\" width=\"560\" height=\"315\" frameborder=\"0\" allowfullscreen=\"allowfullscreen\"><\/iframe><\/p>\n","protected":false},"featured_media":16358,"parent":0,"template":"","meta":{"_acf_changed":false,"_improvement_type_select":"improve_an_existing","_thumb_yes_seoaic":false,"_frame_yes_seoaic":false,"seoaic_generate_description":"","seoaic_improve_instructions_prompt":"","seoaic_rollback_content_improvement":"","seoaic_idea_thumbnail_generator":"","thumbnail_generated":false,"thumbnail_generate_prompt":"","seoaic_article_description":""},"product-category":[15],"class_list":["post-12849","product","type-product","status-publish","has-post-thumbnail","hentry","product-category-pod-huoneet"],"acf":[],"_links":{"self":[{"href":"https:\/\/intoconcept.com\/fi\/wp-json\/wp\/v2\/product\/12849","targetHints":{"allow":["GET"]}}],"collection":[{"href":"https:\/\/intoconcept.com\/fi\/wp-json\/wp\/v2\/product"}],"about":[{"href":"https:\/\/intoconcept.com\/fi\/wp-json\/wp\/v2\/types\/product"}],"wp:featuredmedia":[{"embeddable":true,"href":"https:\/\/intoconcept.com\/fi\/wp-json\/wp\/v2\/media\/16358"}],"wp:attachment":[{"href":"https:\/\/intoconcept.com\/fi\/wp-json\/wp\/v2\/media?parent=12849"}],"wp:term":[{"taxonomy":"product-category","embeddable":true,"href":"https:\/\/intoconcept.com\/fi\/wp-json\/wp\/v2\/product-category?post=12849"}],"curies":[{"name":"wp","href":"https:\/\/api.w.org\/{rel}","templated":true}]}}