{"id":1563,"date":"2018-09-04T13:50:32","date_gmt":"2018-09-04T10:50:32","guid":{"rendered":"https:\/\/intoconcept.com\/?post_type=product&#038;p=1563"},"modified":"2026-04-13T08:45:43","modified_gmt":"2026-04-13T08:45:43","slug":"pod1-tyotila","status":"publish","type":"product","link":"https:\/\/intoconcept.com\/fi\/product\/pod1-tyotila\/","title":{"rendered":"POD 1 \u00e4\u00e4nieristetty ty\u00f6tila"},"content":{"rendered":"<p><strong>POD 1<\/strong> on\u00a0A-luokan akustiikalla varustettu \u00e4\u00e4nieristetty\u00a0ty\u00f6tila 1-2 henkil\u00f6lle, joka on suunniteltu keskittymist\u00e4 vaativaa ty\u00f6t\u00e4 ja yksityisi\u00e4 puheluita varten.<\/p>\n<p>Tutustu\u00a0<a href=\"https:\/\/intoconcept.com\/fi\/reference\/bodymaja-yhteistyossa-into-conceptin-kanssa\/\">kohteeseen<\/a>, jossa POD 1 on k\u00e4yt\u00f6ss\u00e4.<\/p>\n<p>Hinta: <strong>10 120 \u20ac<\/strong> tai <strong>347 \u20ac \/ kk <\/strong>(alv 0 %)<br \/>\nRahti ja asennus eiv\u00e4t sis\u00e4lly hintaan.<\/p>\n<p>&nbsp;<\/p>\n<p><iframe title=\"YouTube video player\" src=\"https:\/\/www.youtube.com\/embed\/Jy4w0tH5C1Q?si=NoPKa399DGLlYA_8\" width=\"560\" height=\"315\" frameborder=\"0\" allowfullscreen=\"allowfullscreen\"><\/iframe><\/p>\n","protected":false},"featured_media":16338,"parent":0,"template":"","meta":{"_acf_changed":false,"_improvement_type_select":"improve_an_existing","_thumb_yes_seoaic":false,"_frame_yes_seoaic":false,"seoaic_generate_description":"","seoaic_improve_instructions_prompt":"","seoaic_rollback_content_improvement":"","seoaic_idea_thumbnail_generator":"","thumbnail_generated":false,"thumbnail_generate_prompt":"","seoaic_article_description":""},"product-category":[15],"class_list":["post-1563","product","type-product","status-publish","has-post-thumbnail","hentry","product-category-pod-huoneet"],"acf":[],"_links":{"self":[{"href":"https:\/\/intoconcept.com\/fi\/wp-json\/wp\/v2\/product\/1563","targetHints":{"allow":["GET"]}}],"collection":[{"href":"https:\/\/intoconcept.com\/fi\/wp-json\/wp\/v2\/product"}],"about":[{"href":"https:\/\/intoconcept.com\/fi\/wp-json\/wp\/v2\/types\/product"}],"wp:featuredmedia":[{"embeddable":true,"href":"https:\/\/intoconcept.com\/fi\/wp-json\/wp\/v2\/media\/16338"}],"wp:attachment":[{"href":"https:\/\/intoconcept.com\/fi\/wp-json\/wp\/v2\/media?parent=1563"}],"wp:term":[{"taxonomy":"product-category","embeddable":true,"href":"https:\/\/intoconcept.com\/fi\/wp-json\/wp\/v2\/product-category?post=1563"}],"curies":[{"name":"wp","href":"https:\/\/api.w.org\/{rel}","templated":true}]}}