{"id":1575,"date":"2018-09-04T13:57:01","date_gmt":"2018-09-04T10:57:01","guid":{"rendered":"https:\/\/intoconcept.com\/?post_type=product&#038;p=1575"},"modified":"2026-04-15T12:12:54","modified_gmt":"2026-04-15T12:12:54","slug":"pod2-kokoustila","status":"publish","type":"product","link":"https:\/\/intoconcept.com\/fi\/product\/pod2-kokoustila\/","title":{"rendered":"POD 2 \u00e4\u00e4nieristetty ty\u00f6- ja neuvottelutila"},"content":{"rendered":"<p><strong>POD 2<\/strong> on A-luokan akustiikalla varustettu \u00e4\u00e4nieristetty neuvottelutila ja ty\u00f6tila 1-4 henkil\u00f6lle, joka tarjoaa rauhallisen ja yksityisen ymp\u00e4rist\u00f6n sek\u00e4 yksinty\u00f6skentelyyn ett\u00e4 spontaaneihin kokouksiin. Tarvittaessa tila voidaan mukauttaa jopa nelj\u00e4n hengen kokoushuoneeksi.<\/p>\n<p data-start=\"280\" data-end=\"549\" data-is-last-node=\"\" data-is-only-node=\"\">Tutustu\u00a0<a href=\"https:\/\/intoconcept.com\/fi\/reference\/suomalainen-rahoitusalan-yhtio\/\">kohteeseen<\/a>, jossa POD 2 on k\u00e4yt\u00f6ss\u00e4.<\/p>\n<p>Hinta: <strong>13 315 \u20ac tai<\/strong>\u00a0<strong>455 \u20ac \/ kk<\/strong><strong>\u00a0<\/strong>(alv 0 %)<br \/>\nRahti ja asennus eiv\u00e4t sis\u00e4lly hintaan.<\/p>\n<p>&nbsp;<\/p>\n<p><iframe title=\"YouTube video player\" src=\"https:\/\/www.youtube.com\/embed\/Jy4w0tH5C1Q?si=NoPKa399DGLlYA_8\" width=\"560\" height=\"315\" frameborder=\"0\" allowfullscreen=\"allowfullscreen\"><\/iframe><\/p>\n","protected":false},"featured_media":29458,"parent":0,"template":"","meta":{"_acf_changed":false,"_improvement_type_select":"improve_an_existing","_thumb_yes_seoaic":false,"_frame_yes_seoaic":false,"seoaic_generate_description":"","seoaic_improve_instructions_prompt":"","seoaic_rollback_content_improvement":"","seoaic_idea_thumbnail_generator":"","thumbnail_generated":false,"thumbnail_generate_prompt":"","seoaic_article_description":""},"product-category":[15],"class_list":["post-1575","product","type-product","status-publish","has-post-thumbnail","hentry","product-category-pod-huoneet"],"acf":[],"_links":{"self":[{"href":"https:\/\/intoconcept.com\/fi\/wp-json\/wp\/v2\/product\/1575","targetHints":{"allow":["GET"]}}],"collection":[{"href":"https:\/\/intoconcept.com\/fi\/wp-json\/wp\/v2\/product"}],"about":[{"href":"https:\/\/intoconcept.com\/fi\/wp-json\/wp\/v2\/types\/product"}],"wp:featuredmedia":[{"embeddable":true,"href":"https:\/\/intoconcept.com\/fi\/wp-json\/wp\/v2\/media\/29458"}],"wp:attachment":[{"href":"https:\/\/intoconcept.com\/fi\/wp-json\/wp\/v2\/media?parent=1575"}],"wp:term":[{"taxonomy":"product-category","embeddable":true,"href":"https:\/\/intoconcept.com\/fi\/wp-json\/wp\/v2\/product-category?post=1575"}],"curies":[{"name":"wp","href":"https:\/\/api.w.org\/{rel}","templated":true}]}}