{"id":1585,"date":"2018-09-04T14:02:03","date_gmt":"2018-09-04T11:02:03","guid":{"rendered":"https:\/\/intoconcept.com\/?post_type=product&#038;p=1585"},"modified":"2026-04-13T11:36:46","modified_gmt":"2026-04-13T11:36:46","slug":"pod4-neuvottelutila","status":"publish","type":"product","link":"https:\/\/intoconcept.com\/fi\/product\/pod4-neuvottelutila\/","title":{"rendered":"POD 4 \u00e4\u00e4nieristetty ty\u00f6- ja neuvottelutila"},"content":{"rendered":"<p><strong>POD 4<\/strong> \u00a0<span data-teams=\"true\">A-luokan akustiikalla varustettu \u00e4\u00e4nieristetty<\/span>\u00a0neuvottelutila 4-8 henkil\u00f6lle, joka sopii erinomaisesti yksityisiin ja luottamuksellisiin kokouksiin.<\/p>\n<p>Tutustu\u00a0<a href=\"https:\/\/intoconcept.com\/fi\/pod-max-tarjoaa-neuvottelutilan-pienille-ja-isoille-tapaamisille\/\">kohteeseen<\/a>, jossa POD 4 on k\u00e4yt\u00f6ss\u00e4.<\/p>\n<p>Hinta: <strong>19 875 \u20ac<\/strong> tai<strong> 676 \u20ac \/ kk<\/strong><strong>\u00a0<\/strong>(alv 0 %)<br \/>\nRahti ja asennus eiv\u00e4t sis\u00e4lly hintaan.<\/p>\n<p>&nbsp;<\/p>\n<p><iframe title=\"YouTube video player\" src=\"https:\/\/www.youtube.com\/embed\/Jy4w0tH5C1Q?si=NoPKa399DGLlYA_8\" width=\"560\" height=\"315\" frameborder=\"0\" allowfullscreen=\"allowfullscreen\"><\/iframe><\/p>\n","protected":false},"featured_media":29462,"parent":0,"template":"","meta":{"_acf_changed":false,"_improvement_type_select":"improve_an_existing","_thumb_yes_seoaic":false,"_frame_yes_seoaic":false,"seoaic_generate_description":"","seoaic_improve_instructions_prompt":"","seoaic_rollback_content_improvement":"","seoaic_idea_thumbnail_generator":"","thumbnail_generated":false,"thumbnail_generate_prompt":"","seoaic_article_description":""},"product-category":[15],"class_list":["post-1585","product","type-product","status-publish","has-post-thumbnail","hentry","product-category-pod-huoneet"],"acf":[],"_links":{"self":[{"href":"https:\/\/intoconcept.com\/fi\/wp-json\/wp\/v2\/product\/1585","targetHints":{"allow":["GET"]}}],"collection":[{"href":"https:\/\/intoconcept.com\/fi\/wp-json\/wp\/v2\/product"}],"about":[{"href":"https:\/\/intoconcept.com\/fi\/wp-json\/wp\/v2\/types\/product"}],"wp:featuredmedia":[{"embeddable":true,"href":"https:\/\/intoconcept.com\/fi\/wp-json\/wp\/v2\/media\/29462"}],"wp:attachment":[{"href":"https:\/\/intoconcept.com\/fi\/wp-json\/wp\/v2\/media?parent=1585"}],"wp:term":[{"taxonomy":"product-category","embeddable":true,"href":"https:\/\/intoconcept.com\/fi\/wp-json\/wp\/v2\/product-category?post=1585"}],"curies":[{"name":"wp","href":"https:\/\/api.w.org\/{rel}","templated":true}]}}