{"id":1599,"date":"2018-09-04T14:09:15","date_gmt":"2018-09-04T11:09:15","guid":{"rendered":"https:\/\/intoconcept.com\/?post_type=product&#038;p=1599"},"modified":"2026-03-11T11:57:18","modified_gmt":"2026-03-11T11:57:18","slug":"pod-roll-tyotila-pyorilla","status":"publish","type":"product","link":"https:\/\/intoconcept.com\/fi\/product\/pod-roll-tyotila-pyorilla\/","title":{"rendered":"POD ROLL keskustelu- ja ty\u00f6tila"},"content":{"rendered":"<p><strong>POD ROLL<\/strong> on akustinen ty\u00f6tila 2-4 henkil\u00f6lle spontaaneihin kokouksiin, itsen\u00e4iseen ty\u00f6skentelyyn sek\u00e4 taukotilaksi. Se on py\u00f6rill\u00e4 varustettu ty\u00f6tila, jonka ansiosta sit\u00e4 voidaan siirt\u00e4\u00e4 ja k\u00e4\u00e4nt\u00e4\u00e4 vaivattomasti tilatarpeiden muuttuessa.<\/p>\n<p>Tutustu\u00a0<a href=\"https:\/\/intoconcept.com\/fi\/reference\/telia-paakonttori\/\">kohteeseen<\/a>, jossa POD ROLL on k\u00e4yt\u00f6ss\u00e4.<\/p>\n<p>Hinta: <strong>13 135 \u20ac<\/strong> tai <strong>448 \u20ac\/ kk<\/strong><strong>\u00a0<\/strong>(alv 0 %)<br \/>\nRahti ja asennus eiv\u00e4t sis\u00e4lly hintaan.<\/p>\n<p>&nbsp;<\/p>\n","protected":false},"featured_media":16354,"parent":0,"template":"","meta":{"_acf_changed":false,"_improvement_type_select":"improve_an_existing","_thumb_yes_seoaic":false,"_frame_yes_seoaic":false,"seoaic_generate_description":"","seoaic_improve_instructions_prompt":"","seoaic_rollback_content_improvement":"","seoaic_idea_thumbnail_generator":"","thumbnail_generated":false,"thumbnail_generate_prompt":"","seoaic_article_description":""},"product-category":[15],"class_list":["post-1599","product","type-product","status-publish","has-post-thumbnail","hentry","product-category-pod-huoneet"],"acf":[],"_links":{"self":[{"href":"https:\/\/intoconcept.com\/fi\/wp-json\/wp\/v2\/product\/1599","targetHints":{"allow":["GET"]}}],"collection":[{"href":"https:\/\/intoconcept.com\/fi\/wp-json\/wp\/v2\/product"}],"about":[{"href":"https:\/\/intoconcept.com\/fi\/wp-json\/wp\/v2\/types\/product"}],"wp:featuredmedia":[{"embeddable":true,"href":"https:\/\/intoconcept.com\/fi\/wp-json\/wp\/v2\/media\/16354"}],"wp:attachment":[{"href":"https:\/\/intoconcept.com\/fi\/wp-json\/wp\/v2\/media?parent=1599"}],"wp:term":[{"taxonomy":"product-category","embeddable":true,"href":"https:\/\/intoconcept.com\/fi\/wp-json\/wp\/v2\/product-category?post=1599"}],"curies":[{"name":"wp","href":"https:\/\/api.w.org\/{rel}","templated":true}]}}