{"id":1633,"date":"2018-09-04T14:54:07","date_gmt":"2018-09-04T11:54:07","guid":{"rendered":"https:\/\/intoconcept.com\/?post_type=product&#038;p=1633"},"modified":"2026-04-30T11:46:05","modified_gmt":"2026-04-30T11:46:05","slug":"story-wall-akustinen-tilanjakaja","status":"publish","type":"product","link":"https:\/\/intoconcept.com\/fi\/product\/story-wall-akustinen-tilanjakaja\/","title":{"rendered":"STORY WALL akustinen tilanjakaja"},"content":{"rendered":"<p><strong>STORY WALL<\/strong> on monik\u00e4ytt\u00f6inen liikuteltava ja yhdistelt\u00e4v\u00e4 akustinen tilanjakaja.<\/p>\n<p>Tutustu\u00a0<a href=\"https:\/\/intoconcept.com\/fi\/reference\/pilke-paivakoti\/\">kohteeseen<\/a>, jossa STORY WALL -tilanjakajat ovat k\u00e4yt\u00f6ss\u00e4.<\/p>\n<p>Hinta:<strong> 1 680 \u20ac<\/strong> (alv 0 %)<br \/>\nRahti ja asennus eiv\u00e4t sis\u00e4lly hintaan<\/p>\n","protected":false},"featured_media":29695,"parent":0,"template":"","meta":{"_acf_changed":false,"_improvement_type_select":"improve_an_existing","_thumb_yes_seoaic":false,"_frame_yes_seoaic":false,"seoaic_generate_description":"","seoaic_improve_instructions_prompt":"","seoaic_rollback_content_improvement":"","seoaic_idea_thumbnail_generator":"","thumbnail_generated":false,"thumbnail_generate_prompt":"","seoaic_article_description":""},"product-category":[23],"class_list":["post-1633","product","type-product","status-publish","has-post-thumbnail","hentry","product-category-tilanjakajat"],"acf":[],"_links":{"self":[{"href":"https:\/\/intoconcept.com\/fi\/wp-json\/wp\/v2\/product\/1633","targetHints":{"allow":["GET"]}}],"collection":[{"href":"https:\/\/intoconcept.com\/fi\/wp-json\/wp\/v2\/product"}],"about":[{"href":"https:\/\/intoconcept.com\/fi\/wp-json\/wp\/v2\/types\/product"}],"wp:featuredmedia":[{"embeddable":true,"href":"https:\/\/intoconcept.com\/fi\/wp-json\/wp\/v2\/media\/29695"}],"wp:attachment":[{"href":"https:\/\/intoconcept.com\/fi\/wp-json\/wp\/v2\/media?parent=1633"}],"wp:term":[{"taxonomy":"product-category","embeddable":true,"href":"https:\/\/intoconcept.com\/fi\/wp-json\/wp\/v2\/product-category?post=1633"}],"curies":[{"name":"wp","href":"https:\/\/api.w.org\/{rel}","templated":true}]}}