{"id":1982,"date":"2018-09-21T16:07:17","date_gmt":"2018-09-21T13:07:17","guid":{"rendered":"https:\/\/intoconcept.com\/?post_type=product&#038;p=1982"},"modified":"2026-04-13T08:44:17","modified_gmt":"2026-04-13T08:44:17","slug":"pod-phone-small-aanieristetty-puhelinkoppi","status":"publish","type":"product","link":"https:\/\/intoconcept.com\/fi\/product\/pod-phone-small-aanieristetty-puhelinkoppi\/","title":{"rendered":"POD PHONE SMALL \u00e4\u00e4nieristetty puhelinkoppi"},"content":{"rendered":"<p><strong>POD PHONE SMALL<\/strong> <span data-teams=\"true\">on yhden hengen A-luokan akustiikalla varustettu puhelinkoppi, joka on suunniteltu parantamaan yksityisyytt\u00e4 ja v\u00e4hent\u00e4m\u00e4\u00e4n h\u00e4iri\u00f6tekij\u00f6it\u00e4 avotiloissa.\u00a0<\/span><\/p>\n<p>Hinta: <strong>6 420 \u20ac <\/strong>tai <strong>228 \u20ac \/ kk <\/strong>(alv 0 %)<br \/>\nRahti ja asennus eiv\u00e4t sis\u00e4lly hintaan<\/p>\n<p>&nbsp;<\/p>\n<p><iframe title=\"YouTube video player\" src=\"https:\/\/www.youtube.com\/embed\/Jy4w0tH5C1Q?si=NoPKa399DGLlYA_8\" width=\"560\" height=\"315\" frameborder=\"0\" allowfullscreen=\"allowfullscreen\"><\/iframe><\/p>\n","protected":false},"featured_media":29079,"parent":0,"template":"","meta":{"_acf_changed":false,"_improvement_type_select":"improve_an_existing","_thumb_yes_seoaic":false,"_frame_yes_seoaic":false,"seoaic_generate_description":"","seoaic_improve_instructions_prompt":"","seoaic_rollback_content_improvement":"","seoaic_idea_thumbnail_generator":"","thumbnail_generated":false,"thumbnail_generate_prompt":"","seoaic_article_description":""},"product-category":[15],"class_list":["post-1982","product","type-product","status-publish","has-post-thumbnail","hentry","product-category-pod-huoneet"],"acf":[],"_links":{"self":[{"href":"https:\/\/intoconcept.com\/fi\/wp-json\/wp\/v2\/product\/1982","targetHints":{"allow":["GET"]}}],"collection":[{"href":"https:\/\/intoconcept.com\/fi\/wp-json\/wp\/v2\/product"}],"about":[{"href":"https:\/\/intoconcept.com\/fi\/wp-json\/wp\/v2\/types\/product"}],"wp:featuredmedia":[{"embeddable":true,"href":"https:\/\/intoconcept.com\/fi\/wp-json\/wp\/v2\/media\/29079"}],"wp:attachment":[{"href":"https:\/\/intoconcept.com\/fi\/wp-json\/wp\/v2\/media?parent=1982"}],"wp:term":[{"taxonomy":"product-category","embeddable":true,"href":"https:\/\/intoconcept.com\/fi\/wp-json\/wp\/v2\/product-category?post=1982"}],"curies":[{"name":"wp","href":"https:\/\/api.w.org\/{rel}","templated":true}]}}