{"id":21170,"date":"2025-05-07T12:45:29","date_gmt":"2025-05-07T09:45:29","guid":{"rendered":"https:\/\/intoconcept.com\/?post_type=product&#038;p=21170"},"modified":"2026-05-07T12:59:07","modified_gmt":"2026-05-07T12:59:07","slug":"pod-roll-glass-small-tyotila-kahdelle","status":"publish","type":"product","link":"https:\/\/intoconcept.com\/fi\/product\/pod-roll-glass-small-tyotila-kahdelle\/","title":{"rendered":"POD ROLL GLASS SMALL ty\u00f6tila kahdelle"},"content":{"rendered":"<p><span style=\"font-size: 1rem;\"><strong>POD ROLL GLASS SMALL<\/strong> <span data-teams=\"true\">A-luokan akustiikalla varustettu \u00e4\u00e4nieristetty<\/span> ty\u00f6tila 1-2 henkil\u00f6lle spontaaneihin kokouksiin ja itsen\u00e4iseen ty\u00f6skentelyyn. Se on py\u00f6rill\u00e4 varustettu ty\u00f6tila, jonka ansiosta sit\u00e4 voidaan siirt\u00e4\u00e4 ja k\u00e4\u00e4nt\u00e4\u00e4 vaivattomasti tilatarpeiden muuttuessa.\u00a0<\/span><\/p>\n<p>Hinta: <strong>12 975<\/strong><strong>\u00a0\u20ac<\/strong>\u00a0tai<strong> 443 \u20ac \/ kk<\/strong><strong>\u00a0<\/strong>(alv 0 %)<br \/>\nRahti ja asennus eiv\u00e4t sis\u00e4lly hintaan.<\/p>\n","protected":false},"featured_media":29471,"parent":0,"template":"","meta":{"_acf_changed":false,"_improvement_type_select":"improve_an_existing","_thumb_yes_seoaic":false,"_frame_yes_seoaic":false,"seoaic_generate_description":"","seoaic_improve_instructions_prompt":"","seoaic_rollback_content_improvement":"","seoaic_idea_thumbnail_generator":"","thumbnail_generated":false,"thumbnail_generate_prompt":"","seoaic_article_description":""},"product-category":[15],"class_list":["post-21170","product","type-product","status-publish","has-post-thumbnail","hentry","product-category-pod-huoneet"],"acf":[],"_links":{"self":[{"href":"https:\/\/intoconcept.com\/fi\/wp-json\/wp\/v2\/product\/21170","targetHints":{"allow":["GET"]}}],"collection":[{"href":"https:\/\/intoconcept.com\/fi\/wp-json\/wp\/v2\/product"}],"about":[{"href":"https:\/\/intoconcept.com\/fi\/wp-json\/wp\/v2\/types\/product"}],"wp:featuredmedia":[{"embeddable":true,"href":"https:\/\/intoconcept.com\/fi\/wp-json\/wp\/v2\/media\/29471"}],"wp:attachment":[{"href":"https:\/\/intoconcept.com\/fi\/wp-json\/wp\/v2\/media?parent=21170"}],"wp:term":[{"taxonomy":"product-category","embeddable":true,"href":"https:\/\/intoconcept.com\/fi\/wp-json\/wp\/v2\/product-category?post=21170"}],"curies":[{"name":"wp","href":"https:\/\/api.w.org\/{rel}","templated":true}]}}