{"id":30050,"date":"2025-12-15T11:11:50","date_gmt":"2025-12-15T11:11:50","guid":{"rendered":"https:\/\/intoconcept.com\/?post_type=product&#038;p=30050"},"modified":"2026-03-12T07:16:35","modified_gmt":"2026-03-12T07:16:35","slug":"point-stool-sohvat","status":"publish","type":"product","link":"https:\/\/intoconcept.com\/fi\/product\/point-stool-sohvat\/","title":{"rendered":"POINT STOOL -sohvat"},"content":{"rendered":"<p><strong>POINT STOOL <\/strong>&#8211; ergonomiset sohvat moduulimaisia joustavia huonekaluratkaisuja aula-, tauko- ja kokoustiloihin. Ne on valmistettu kest\u00e4vist\u00e4 materiaaleista ja niiden istuinkorkeus tukee terveellist\u00e4 ty\u00f6asentoa. Modulaarinen muotoilu mahdollistaa sohvien yhdistelyn monin eri tavoin. Soveltuvat erinomaisesti my\u00f6s hoivakalusteeksi.<\/p>\n<p>Tutustu\u00a0<a href=\"https:\/\/intoconcept.com\/fi\/reference\/telia-paakonttori\/\">kohteeseen<\/a>, jossa POINT STOOL-sohvat ovat mukana.<\/p>\n<p>Hinta:<strong><br \/>\n<\/strong>POINT STOOL S <strong>370\u00a0\u20ac<\/strong>\u00a0(alv 0%)<br \/>\nPOINT STOOL M <strong>375 \u20ac<\/strong>\u00a0(alv 0%)<br \/>\nPOINT STOOL L <strong>440 \u20ac<\/strong>\u00a0(alv 0%)<br \/>\nRahti ja asennus eiv\u00e4t sis\u00e4lly hintaan<\/p>\n<p><iframe title=\"YouTube video player\" src=\"https:\/\/www.youtube.com\/embed\/L-ODMHbOKuE?si=eMXXUOSnHpLE3N5S\" width=\"560\" height=\"315\" frameborder=\"0\" allowfullscreen=\"allowfullscreen\"><\/iframe><\/p>\n","protected":false},"featured_media":21891,"parent":0,"template":"","meta":{"_acf_changed":false,"_improvement_type_select":"improve_an_existing","_thumb_yes_seoaic":false,"_frame_yes_seoaic":false,"seoaic_generate_description":"","seoaic_improve_instructions_prompt":"","seoaic_rollback_content_improvement":"","seoaic_idea_thumbnail_generator":"","thumbnail_generated":false,"thumbnail_generate_prompt":"","seoaic_article_description":""},"product-category":[21],"class_list":["post-30050","product","type-product","status-publish","has-post-thumbnail","hentry","product-category-istuinkalusteet"],"acf":[],"_links":{"self":[{"href":"https:\/\/intoconcept.com\/fi\/wp-json\/wp\/v2\/product\/30050","targetHints":{"allow":["GET"]}}],"collection":[{"href":"https:\/\/intoconcept.com\/fi\/wp-json\/wp\/v2\/product"}],"about":[{"href":"https:\/\/intoconcept.com\/fi\/wp-json\/wp\/v2\/types\/product"}],"wp:featuredmedia":[{"embeddable":true,"href":"https:\/\/intoconcept.com\/fi\/wp-json\/wp\/v2\/media\/21891"}],"wp:attachment":[{"href":"https:\/\/intoconcept.com\/fi\/wp-json\/wp\/v2\/media?parent=30050"}],"wp:term":[{"taxonomy":"product-category","embeddable":true,"href":"https:\/\/intoconcept.com\/fi\/wp-json\/wp\/v2\/product-category?post=30050"}],"curies":[{"name":"wp","href":"https:\/\/api.w.org\/{rel}","templated":true}]}}