{"id":30051,"date":"2025-12-15T11:16:13","date_gmt":"2025-12-15T11:16:13","guid":{"rendered":"https:\/\/intoconcept.com\/?post_type=product&#038;p=30051"},"modified":"2026-03-12T07:13:33","modified_gmt":"2026-03-12T07:13:33","slug":"point-low-sohvat","status":"publish","type":"product","link":"https:\/\/intoconcept.com\/fi\/product\/point-low-sohvat\/","title":{"rendered":"POINT LOW -sohvat"},"content":{"rendered":"<p><strong>POINT LOW <\/strong>&#8211; ergonomiset sohvat ovat joustavia kalusteratkaisuja auloihin, taukotiloihin ja neuvotteluhuoneisiin. Ne on valmistettu kest\u00e4vist\u00e4 materiaaleista ja niiden istumakorkeudet tukevat terveellist\u00e4 ty\u00f6asentoa. Modulaarinen muotoilu mahdollistaa sohvien yhdistelyn monin eri tavoin. Soveltuvat erinomaisesti my\u00f6s hoivakalusteeksi.<\/p>\n<p>Tutustu\u00a0<a href=\"https:\/\/intoconcept.com\/fi\/reference\/orion-paakonttorin-uudistus\/\">kohteeseen<\/a>, jossa POINT-sohvat ovat mukana.<\/p>\n<p>Hinta:<strong>\u00a0<\/strong><br \/>\nPOINT LOW S <strong>445 \u20ac<\/strong> (alv 0%)<br \/>\nPOINT LOW M <strong>530 \u20ac<\/strong> (alv 0%)<br \/>\nPOINT LOW L <strong>685\u00a0\u20ac<\/strong> (alv 0%)<br \/>\nPOINT CORNER LOW<strong> 670<\/strong>\u00a0<strong>\u20ac<\/strong> (alv 0%)<br \/>\nPOINT CURVE IN LOW<strong> 820<\/strong>\u00a0<strong>\u20ac<\/strong> (alv 0%)<br \/>\nPOINT CURVE OUT LOW<strong> 820\u00a0\u20ac<\/strong> (alv 0%)<br \/>\nPOINT OUTER CORNER LOW LEFT<strong> 960<\/strong>\u00a0<strong>\u20ac<\/strong> (alv 0%)<br \/>\nPOINT OUTER CORNER LOW RIGHT<strong> 960<\/strong>\u00a0<strong>\u20ac<\/strong> (alv 0%)<br \/>\nRahti ja asennus eiv\u00e4t sis\u00e4lly hintaan<\/p>\n<p><iframe title=\"YouTube video player\" src=\"https:\/\/www.youtube.com\/embed\/L-ODMHbOKuE?si=eMXXUOSnHpLE3N5S\" width=\"560\" height=\"315\" frameborder=\"0\" allowfullscreen=\"allowfullscreen\"><\/iframe><\/p>\n","protected":false},"featured_media":21891,"parent":0,"template":"","meta":{"_acf_changed":false,"_improvement_type_select":"improve_an_existing","_thumb_yes_seoaic":false,"_frame_yes_seoaic":false,"seoaic_generate_description":"","seoaic_improve_instructions_prompt":"","seoaic_rollback_content_improvement":"","seoaic_idea_thumbnail_generator":"","thumbnail_generated":false,"thumbnail_generate_prompt":"","seoaic_article_description":""},"product-category":[21],"class_list":["post-30051","product","type-product","status-publish","has-post-thumbnail","hentry","product-category-istuinkalusteet"],"acf":[],"_links":{"self":[{"href":"https:\/\/intoconcept.com\/fi\/wp-json\/wp\/v2\/product\/30051","targetHints":{"allow":["GET"]}}],"collection":[{"href":"https:\/\/intoconcept.com\/fi\/wp-json\/wp\/v2\/product"}],"about":[{"href":"https:\/\/intoconcept.com\/fi\/wp-json\/wp\/v2\/types\/product"}],"wp:featuredmedia":[{"embeddable":true,"href":"https:\/\/intoconcept.com\/fi\/wp-json\/wp\/v2\/media\/21891"}],"wp:attachment":[{"href":"https:\/\/intoconcept.com\/fi\/wp-json\/wp\/v2\/media?parent=30051"}],"wp:term":[{"taxonomy":"product-category","embeddable":true,"href":"https:\/\/intoconcept.com\/fi\/wp-json\/wp\/v2\/product-category?post=30051"}],"curies":[{"name":"wp","href":"https:\/\/api.w.org\/{rel}","templated":true}]}}