{"id":12689,"date":"2020-12-15T09:58:29","date_gmt":"2020-12-15T07:58:29","guid":{"rendered":"https:\/\/intoconcept.com\/?post_type=product&#038;p=12689"},"modified":"2026-02-20T08:55:43","modified_gmt":"2026-02-20T08:55:43","slug":"tv-teline-story-walliin","status":"publish","type":"product","link":"https:\/\/intoconcept.com\/fr\/produit\/tv-teline-story-walliin\/","title":{"rendered":"STORY WALL - Porte-t\u00e9l\u00e9vision"},"content":{"rendered":"<p><strong>STORY WALL - Porte-t\u00e9l\u00e9vision<\/strong> permet de fixer facilement le t\u00e9l\u00e9viseur \u00e0 la cloison. Vous pouvez facilement diffuser des vid\u00e9os, des photos et d'autres documents ou transformer votre salle de pause en espace de jeu apr\u00e8s le travail. La solution TV comprend un support mural pour \u00e9cran de 42 pouces et un porte-napperon avec une fente pour une rallonge.<\/p>\n<p>Prix :<strong> 370 \u20ac<\/strong> (TVA 0%)<\/p>\n<p>&nbsp;<\/p>\n<p>&nbsp;<\/p>","protected":false},"featured_media":29112,"parent":0,"template":"","meta":{"_acf_changed":false,"_improvement_type_select":"improve_an_existing","_thumb_yes_seoaic":false,"_frame_yes_seoaic":false,"seoaic_generate_description":"","seoaic_improve_instructions_prompt":"","seoaic_rollback_content_improvement":"","seoaic_idea_thumbnail_generator":"","thumbnail_generated":false,"thumbnail_generate_prompt":"","seoaic_article_description":""},"product-category":[24],"class_list":["post-12689","product","type-product","status-publish","has-post-thumbnail","hentry","product-category-oheistuotteet"],"acf":[],"_links":{"self":[{"href":"https:\/\/intoconcept.com\/fr\/wp-json\/wp\/v2\/product\/12689","targetHints":{"allow":["GET"]}}],"collection":[{"href":"https:\/\/intoconcept.com\/fr\/wp-json\/wp\/v2\/product"}],"about":[{"href":"https:\/\/intoconcept.com\/fr\/wp-json\/wp\/v2\/types\/product"}],"wp:featuredmedia":[{"embeddable":true,"href":"https:\/\/intoconcept.com\/fr\/wp-json\/wp\/v2\/media\/29112"}],"wp:attachment":[{"href":"https:\/\/intoconcept.com\/fr\/wp-json\/wp\/v2\/media?parent=12689"}],"wp:term":[{"taxonomy":"product-category","embeddable":true,"href":"https:\/\/intoconcept.com\/fr\/wp-json\/wp\/v2\/product-category?post=12689"}],"curies":[{"name":"wp","href":"https:\/\/api.w.org\/{rel}","templated":true}]}}