{"id":12849,"date":"2021-01-11T16:09:00","date_gmt":"2021-01-11T14:09:00","guid":{"rendered":"https:\/\/intoconcept.com\/?post_type=product&#038;p=12849"},"modified":"2026-04-13T08:52:31","modified_gmt":"2026-04-13T08:52:31","slug":"espace-de-travail-integre-pod-roll-glass","status":"publish","type":"product","link":"https:\/\/intoconcept.com\/fr\/produit\/espace-de-travail-integre-pod-roll-glass\/","title":{"rendered":"Espace de travail insonoris\u00e9 POD ROLL GLASS"},"content":{"rendered":"<div class=\"entry-header__ingress ingress\">\n<p><span style=\"font-size: 1rem;\"><strong>VERRE POD ROLL<\/strong> <span data-teams=\"true\">Insonorisation de classe A<\/span> un espace de travail pour 2 \u00e0 4 personnes pour des r\u00e9unions spontan\u00e9es et un travail ind\u00e9pendant. Il s'agit d'un espace de travail sur roues, qui peut \u00eatre facilement d\u00e9plac\u00e9 et tourn\u00e9 en fonction des besoins de l'espace.\u00a0<\/span><\/p>\n<\/div>\n<div class=\"entry-header__ingress ingress\">\n<p>Prix : <strong>14 830 \u20ac<\/strong> -<strong> . <\/strong>(TVA 0 %)<br \/>\nLe fret et l'installation ne sont pas inclus dans le prix.<\/p>\n<p>&nbsp;<\/p>\n<\/div>\n<p><iframe title=\"Lecteur vid\u00e9o YouTube\" src=\"https:\/\/www.youtube.com\/embed\/Jy4w0tH5C1Q?si=NoPKa399DGLlYA_8\" width=\"560\" height=\"315\" frameborder=\"0\" allowfullscreen=\"allowfullscreen\"><\/iframe><\/p>","protected":false},"featured_media":16358,"parent":0,"template":"","meta":{"_acf_changed":false,"_improvement_type_select":"improve_an_existing","_thumb_yes_seoaic":false,"_frame_yes_seoaic":false,"seoaic_generate_description":"","seoaic_improve_instructions_prompt":"","seoaic_rollback_content_improvement":"","seoaic_idea_thumbnail_generator":"","thumbnail_generated":false,"thumbnail_generate_prompt":"","seoaic_article_description":""},"product-category":[15],"class_list":["post-12849","product","type-product","status-publish","has-post-thumbnail","hentry","product-category-pod-huoneet"],"acf":[],"_links":{"self":[{"href":"https:\/\/intoconcept.com\/fr\/wp-json\/wp\/v2\/product\/12849","targetHints":{"allow":["GET"]}}],"collection":[{"href":"https:\/\/intoconcept.com\/fr\/wp-json\/wp\/v2\/product"}],"about":[{"href":"https:\/\/intoconcept.com\/fr\/wp-json\/wp\/v2\/types\/product"}],"wp:featuredmedia":[{"embeddable":true,"href":"https:\/\/intoconcept.com\/fr\/wp-json\/wp\/v2\/media\/16358"}],"wp:attachment":[{"href":"https:\/\/intoconcept.com\/fr\/wp-json\/wp\/v2\/media?parent=12849"}],"wp:term":[{"taxonomy":"product-category","embeddable":true,"href":"https:\/\/intoconcept.com\/fr\/wp-json\/wp\/v2\/product-category?post=12849"}],"curies":[{"name":"wp","href":"https:\/\/api.w.org\/{rel}","templated":true}]}}