{"id":1545,"date":"2018-09-04T13:38:13","date_gmt":"2018-09-04T10:38:13","guid":{"rendered":"https:\/\/intoconcept.com\/?post_type=product&#038;p=1545"},"modified":"2026-03-31T11:52:35","modified_gmt":"2026-03-31T11:52:35","slug":"canape-dentree-cube","status":"publish","type":"product","link":"https:\/\/intoconcept.com\/fr\/produit\/canape-dentree-cube\/","title":{"rendered":"Canap\u00e9 CUBE"},"content":{"rendered":"<p><strong>CUBE<\/strong>-est une solution con\u00e7ue pour les halls d'entr\u00e9e et les bureaux afin d'assurer une protection acoustique et visuelle.<\/p>\n<p>Visiter\u00a0<a href=\"https:\/\/intoconcept.com\/fr\/reference\/trimble-6-storey-multi-storey-office\/\">\u00e0<\/a>, o\u00f9 le canap\u00e9 CUBE est utilis\u00e9.<\/p>\n<p>Prix : <strong>3 060 \u20ac<\/strong> (TVA 0%)<br \/>\nFrais de transport et d'installation non compris<\/p>","protected":false},"featured_media":21873,"parent":0,"template":"","meta":{"_acf_changed":false,"_improvement_type_select":"improve_an_existing","_thumb_yes_seoaic":false,"_frame_yes_seoaic":false,"seoaic_generate_description":"","seoaic_improve_instructions_prompt":"","seoaic_rollback_content_improvement":"","seoaic_idea_thumbnail_generator":"","thumbnail_generated":false,"thumbnail_generate_prompt":"","seoaic_article_description":""},"product-category":[21],"class_list":["post-1545","product","type-product","status-publish","has-post-thumbnail","hentry","product-category-istuinkalusteet"],"acf":[],"_links":{"self":[{"href":"https:\/\/intoconcept.com\/fr\/wp-json\/wp\/v2\/product\/1545","targetHints":{"allow":["GET"]}}],"collection":[{"href":"https:\/\/intoconcept.com\/fr\/wp-json\/wp\/v2\/product"}],"about":[{"href":"https:\/\/intoconcept.com\/fr\/wp-json\/wp\/v2\/types\/product"}],"wp:featuredmedia":[{"embeddable":true,"href":"https:\/\/intoconcept.com\/fr\/wp-json\/wp\/v2\/media\/21873"}],"wp:attachment":[{"href":"https:\/\/intoconcept.com\/fr\/wp-json\/wp\/v2\/media?parent=1545"}],"wp:term":[{"taxonomy":"product-category","embeddable":true,"href":"https:\/\/intoconcept.com\/fr\/wp-json\/wp\/v2\/product-category?post=1545"}],"curies":[{"name":"wp","href":"https:\/\/api.w.org\/{rel}","templated":true}]}}