{"id":1549,"date":"2018-09-04T13:40:40","date_gmt":"2018-09-04T10:40:40","guid":{"rendered":"https:\/\/intoconcept.com\/?post_type=product&#038;p=1549"},"modified":"2026-03-31T11:53:20","modified_gmt":"2026-03-31T11:53:20","slug":"cube-solo-9","status":"publish","type":"product","link":"https:\/\/intoconcept.com\/fr\/produit\/cube-solo-9\/","title":{"rendered":"CUBE SOLO"},"content":{"rendered":"<p><strong>CUBE SOLO -<\/strong>le si\u00e8ge pivotant est une alternative \u00e0 la cabine t\u00e9l\u00e9phonique dans les halls d'entr\u00e9e et les bureaux, offrant une protection acoustique et visuelle.<\/p>\n<p>Prix : <strong>2 595 \u20ac<\/strong> (TVA 0%)<br \/>\nLe fret n'est pas inclus<\/p>","protected":false},"featured_media":29089,"parent":0,"template":"","meta":{"_acf_changed":false,"_improvement_type_select":"improve_an_existing","_thumb_yes_seoaic":false,"_frame_yes_seoaic":false,"seoaic_generate_description":"","seoaic_improve_instructions_prompt":"","seoaic_rollback_content_improvement":"","seoaic_idea_thumbnail_generator":"","thumbnail_generated":false,"thumbnail_generate_prompt":"","seoaic_article_description":""},"product-category":[21],"class_list":["post-1549","product","type-product","status-publish","has-post-thumbnail","hentry","product-category-istuinkalusteet"],"acf":[],"_links":{"self":[{"href":"https:\/\/intoconcept.com\/fr\/wp-json\/wp\/v2\/product\/1549","targetHints":{"allow":["GET"]}}],"collection":[{"href":"https:\/\/intoconcept.com\/fr\/wp-json\/wp\/v2\/product"}],"about":[{"href":"https:\/\/intoconcept.com\/fr\/wp-json\/wp\/v2\/types\/product"}],"wp:featuredmedia":[{"embeddable":true,"href":"https:\/\/intoconcept.com\/fr\/wp-json\/wp\/v2\/media\/29089"}],"wp:attachment":[{"href":"https:\/\/intoconcept.com\/fr\/wp-json\/wp\/v2\/media?parent=1549"}],"wp:term":[{"taxonomy":"product-category","embeddable":true,"href":"https:\/\/intoconcept.com\/fr\/wp-json\/wp\/v2\/product-category?post=1549"}],"curies":[{"name":"wp","href":"https:\/\/api.w.org\/{rel}","templated":true}]}}