{"id":1553,"date":"2018-09-04T13:44:29","date_gmt":"2018-09-04T10:44:29","guid":{"rendered":"https:\/\/intoconcept.com\/?post_type=product&#038;p=1553"},"modified":"2026-02-19T14:30:46","modified_gmt":"2026-02-19T14:30:46","slug":"boite-de-presentation-nayttoteline","status":"publish","type":"product","link":"https:\/\/intoconcept.com\/fr\/produit\/boite-de-presentation-nayttoteline\/","title":{"rendered":"POD -DISPLAY BOX"},"content":{"rendered":"<p><strong>BO\u00ceTIER D'AFFICHAGE<\/strong>\u00a0est un pr\u00e9sentoir pratique con\u00e7u pour les salles POD. Ce pr\u00e9sentoir vous permet de dissimuler les c\u00e2bles et les fils g\u00eanants, et son aspect s'harmonise parfaitement avec le style des salles POD. Les \u00e9crans et les accessoires de montage ne sont pas inclus.<\/p>\n<p>Prix :<strong> 870 \u20ac<\/strong> (TVA 0%)<\/p>\n<p>&nbsp;<\/p>","protected":false},"featured_media":2130,"parent":0,"template":"","meta":{"_acf_changed":false,"_improvement_type_select":"improve_an_existing","_thumb_yes_seoaic":false,"_frame_yes_seoaic":false,"seoaic_generate_description":"","seoaic_improve_instructions_prompt":"","seoaic_rollback_content_improvement":"","seoaic_idea_thumbnail_generator":"","thumbnail_generated":false,"thumbnail_generate_prompt":"","seoaic_article_description":""},"product-category":[24],"class_list":["post-1553","product","type-product","status-publish","has-post-thumbnail","hentry","product-category-oheistuotteet"],"acf":[],"_links":{"self":[{"href":"https:\/\/intoconcept.com\/fr\/wp-json\/wp\/v2\/product\/1553","targetHints":{"allow":["GET"]}}],"collection":[{"href":"https:\/\/intoconcept.com\/fr\/wp-json\/wp\/v2\/product"}],"about":[{"href":"https:\/\/intoconcept.com\/fr\/wp-json\/wp\/v2\/types\/product"}],"wp:featuredmedia":[{"embeddable":true,"href":"https:\/\/intoconcept.com\/fr\/wp-json\/wp\/v2\/media\/2130"}],"wp:attachment":[{"href":"https:\/\/intoconcept.com\/fr\/wp-json\/wp\/v2\/media?parent=1553"}],"wp:term":[{"taxonomy":"product-category","embeddable":true,"href":"https:\/\/intoconcept.com\/fr\/wp-json\/wp\/v2\/product-category?post=1553"}],"curies":[{"name":"wp","href":"https:\/\/api.w.org\/{rel}","templated":true}]}}