{"id":1563,"date":"2018-09-04T13:50:32","date_gmt":"2018-09-04T10:50:32","guid":{"rendered":"https:\/\/intoconcept.com\/?post_type=product&#038;p=1563"},"modified":"2026-04-13T08:45:43","modified_gmt":"2026-04-13T08:45:43","slug":"espace-de-travail-pod1","status":"publish","type":"product","link":"https:\/\/intoconcept.com\/fr\/produit\/espace-de-travail-pod1\/","title":{"rendered":"Espace de travail insonoris\u00e9 POD 1"},"content":{"rendered":"<p><strong>POD 1<\/strong> est un espace de travail insonoris\u00e9 de classe A pour 1 \u00e0 2 personnes, con\u00e7u pour un travail cibl\u00e9 et des appels priv\u00e9s.<\/p>\n<p>Visiter\u00a0<a href=\"https:\/\/intoconcept.com\/fr\/reference\/bodymaja-en-collaboration-avec-into-concept\/\">\u00e0<\/a>, o\u00f9 le POD 1 est activ\u00e9.<\/p>\n<p>Prix : <strong>10 120 \u20ac<\/strong> - <strong>. <\/strong>(TVA 0 %)<br \/>\nLe fret et l'installation ne sont pas inclus dans le prix.<\/p>\n<p>&nbsp;<\/p>\n<p><iframe title=\"Lecteur vid\u00e9o YouTube\" src=\"https:\/\/www.youtube.com\/embed\/Jy4w0tH5C1Q?si=NoPKa399DGLlYA_8\" width=\"560\" height=\"315\" frameborder=\"0\" allowfullscreen=\"allowfullscreen\"><\/iframe><\/p>","protected":false},"featured_media":16338,"parent":0,"template":"","meta":{"_acf_changed":false,"_improvement_type_select":"improve_an_existing","_thumb_yes_seoaic":false,"_frame_yes_seoaic":false,"seoaic_generate_description":"","seoaic_improve_instructions_prompt":"","seoaic_rollback_content_improvement":"","seoaic_idea_thumbnail_generator":"","thumbnail_generated":false,"thumbnail_generate_prompt":"","seoaic_article_description":""},"product-category":[15],"class_list":["post-1563","product","type-product","status-publish","has-post-thumbnail","hentry","product-category-pod-huoneet"],"acf":[],"_links":{"self":[{"href":"https:\/\/intoconcept.com\/fr\/wp-json\/wp\/v2\/product\/1563","targetHints":{"allow":["GET"]}}],"collection":[{"href":"https:\/\/intoconcept.com\/fr\/wp-json\/wp\/v2\/product"}],"about":[{"href":"https:\/\/intoconcept.com\/fr\/wp-json\/wp\/v2\/types\/product"}],"wp:featuredmedia":[{"embeddable":true,"href":"https:\/\/intoconcept.com\/fr\/wp-json\/wp\/v2\/media\/16338"}],"wp:attachment":[{"href":"https:\/\/intoconcept.com\/fr\/wp-json\/wp\/v2\/media?parent=1563"}],"wp:term":[{"taxonomy":"product-category","embeddable":true,"href":"https:\/\/intoconcept.com\/fr\/wp-json\/wp\/v2\/product-category?post=1563"}],"curies":[{"name":"wp","href":"https:\/\/api.w.org\/{rel}","templated":true}]}}