{"id":1575,"date":"2018-09-04T13:57:01","date_gmt":"2018-09-04T10:57:01","guid":{"rendered":"https:\/\/intoconcept.com\/?post_type=product&#038;p=1575"},"modified":"2026-04-15T12:12:54","modified_gmt":"2026-04-15T12:12:54","slug":"salle-de-conference-pod2","status":"publish","type":"product","link":"https:\/\/intoconcept.com\/fr\/produit\/salle-de-conference-pod2\/","title":{"rendered":"Salle de travail et de r\u00e9union insonoris\u00e9e POD 2"},"content":{"rendered":"<p><strong>POD 2<\/strong> on A-luokan akustiikalla varustettu \u00e4\u00e4nieristetty neuvottelutila ja ty\u00f6tila 1-4 henkil\u00f6lle, joka tarjoaa rauhallisen ja yksityisen ymp\u00e4rist\u00f6n sek\u00e4 yksinty\u00f6skentelyyn ett\u00e4 spontaaneihin kokouksiin. Tarvittaessa tila voidaan mukauttaa jopa nelj\u00e4n hengen kokoushuoneeksi.<\/p>\n<p data-start=\"280\" data-end=\"549\" data-is-last-node=\"\" data-is-only-node=\"\">Visiter\u00a0<a href=\"https:\/\/intoconcept.com\/fr\/reference\/societe-financiere-finlandaise\/\">\u00e0<\/a>, o\u00f9 le POD 2 est utilis\u00e9.<\/p>\n<p>Prix : <strong>13 315 \u20ac<\/strong>\u00a0<strong>.<\/strong><strong>\u00a0<\/strong>(TVA 0 %)<br \/>\nLe fret et l'installation ne sont pas inclus dans le prix.<\/p>\n<p>&nbsp;<\/p>\n<p><iframe title=\"Lecteur vid\u00e9o YouTube\" src=\"https:\/\/www.youtube.com\/embed\/Jy4w0tH5C1Q?si=NoPKa399DGLlYA_8\" width=\"560\" height=\"315\" frameborder=\"0\" allowfullscreen=\"allowfullscreen\"><\/iframe><\/p>","protected":false},"featured_media":29458,"parent":0,"template":"","meta":{"_acf_changed":false,"_improvement_type_select":"improve_an_existing","_thumb_yes_seoaic":false,"_frame_yes_seoaic":false,"seoaic_generate_description":"","seoaic_improve_instructions_prompt":"","seoaic_rollback_content_improvement":"","seoaic_idea_thumbnail_generator":"","thumbnail_generated":false,"thumbnail_generate_prompt":"","seoaic_article_description":""},"product-category":[15],"class_list":["post-1575","product","type-product","status-publish","has-post-thumbnail","hentry","product-category-pod-huoneet"],"acf":[],"_links":{"self":[{"href":"https:\/\/intoconcept.com\/fr\/wp-json\/wp\/v2\/product\/1575","targetHints":{"allow":["GET"]}}],"collection":[{"href":"https:\/\/intoconcept.com\/fr\/wp-json\/wp\/v2\/product"}],"about":[{"href":"https:\/\/intoconcept.com\/fr\/wp-json\/wp\/v2\/types\/product"}],"wp:featuredmedia":[{"embeddable":true,"href":"https:\/\/intoconcept.com\/fr\/wp-json\/wp\/v2\/media\/29458"}],"wp:attachment":[{"href":"https:\/\/intoconcept.com\/fr\/wp-json\/wp\/v2\/media?parent=1575"}],"wp:term":[{"taxonomy":"product-category","embeddable":true,"href":"https:\/\/intoconcept.com\/fr\/wp-json\/wp\/v2\/product-category?post=1575"}],"curies":[{"name":"wp","href":"https:\/\/api.w.org\/{rel}","templated":true}]}}