{"id":1585,"date":"2018-09-04T14:02:03","date_gmt":"2018-09-04T11:02:03","guid":{"rendered":"https:\/\/intoconcept.com\/?post_type=product&#038;p=1585"},"modified":"2026-04-13T11:36:46","modified_gmt":"2026-04-13T11:36:46","slug":"salle-de-conference-pod4","status":"publish","type":"product","link":"https:\/\/intoconcept.com\/fr\/produit\/salle-de-conference-pod4\/","title":{"rendered":"Salle de travail et de r\u00e9union insonoris\u00e9e POD 4"},"content":{"rendered":"<p><strong>POD 4<\/strong> \u00a0<span data-teams=\"true\">Insonorisation de classe A<\/span>\u00a0une salle de r\u00e9union pour 4 \u00e0 8 personnes, id\u00e9ale pour des r\u00e9unions priv\u00e9es et confidentielles.<\/p>\n<p>Visiter\u00a0<a href=\"https:\/\/intoconcept.com\/fr\/pod-max-tarjoaa-neuvottelutilan-pienille-ja-isoille-tapaamisille\/\">\u00e0<\/a>, o\u00f9 le POD 4 est utilis\u00e9.<\/p>\n<p>Prix : <strong>19 875 \u20ac<\/strong> -<strong> .<\/strong><strong>\u00a0<\/strong>(TVA 0 %)<br \/>\nLe fret et l'installation ne sont pas inclus dans le prix.<\/p>\n<p>&nbsp;<\/p>\n<p><iframe title=\"Lecteur vid\u00e9o YouTube\" src=\"https:\/\/www.youtube.com\/embed\/Jy4w0tH5C1Q?si=NoPKa399DGLlYA_8\" width=\"560\" height=\"315\" frameborder=\"0\" allowfullscreen=\"allowfullscreen\"><\/iframe><\/p>","protected":false},"featured_media":29462,"parent":0,"template":"","meta":{"_acf_changed":false,"_improvement_type_select":"improve_an_existing","_thumb_yes_seoaic":false,"_frame_yes_seoaic":false,"seoaic_generate_description":"","seoaic_improve_instructions_prompt":"","seoaic_rollback_content_improvement":"","seoaic_idea_thumbnail_generator":"","thumbnail_generated":false,"thumbnail_generate_prompt":"","seoaic_article_description":""},"product-category":[15],"class_list":["post-1585","product","type-product","status-publish","has-post-thumbnail","hentry","product-category-pod-huoneet"],"acf":[],"_links":{"self":[{"href":"https:\/\/intoconcept.com\/fr\/wp-json\/wp\/v2\/product\/1585","targetHints":{"allow":["GET"]}}],"collection":[{"href":"https:\/\/intoconcept.com\/fr\/wp-json\/wp\/v2\/product"}],"about":[{"href":"https:\/\/intoconcept.com\/fr\/wp-json\/wp\/v2\/types\/product"}],"wp:featuredmedia":[{"embeddable":true,"href":"https:\/\/intoconcept.com\/fr\/wp-json\/wp\/v2\/media\/29462"}],"wp:attachment":[{"href":"https:\/\/intoconcept.com\/fr\/wp-json\/wp\/v2\/media?parent=1585"}],"wp:term":[{"taxonomy":"product-category","embeddable":true,"href":"https:\/\/intoconcept.com\/fr\/wp-json\/wp\/v2\/product-category?post=1585"}],"curies":[{"name":"wp","href":"https:\/\/api.w.org\/{rel}","templated":true}]}}