{"id":1589,"date":"2018-09-04T14:04:51","date_gmt":"2018-09-04T11:04:51","guid":{"rendered":"https:\/\/intoconcept.com\/?post_type=product&#038;p=1589"},"modified":"2026-04-13T08:45:04","modified_gmt":"2026-04-13T08:45:04","slug":"cabine-telephonique","status":"publish","type":"product","link":"https:\/\/intoconcept.com\/fr\/produit\/cabine-telephonique\/","title":{"rendered":"POD PHONE cabine t\u00e9l\u00e9phonique spacieuse et insonoris\u00e9e"},"content":{"rendered":"<p><strong>POD PHONE<\/strong> <span data-teams=\"true\">est une cabine t\u00e9l\u00e9phonique ou un espace de travail spacieux et insonoris\u00e9 pour une seule personne, avec une acoustique de classe A, con\u00e7u pour am\u00e9liorer la confidentialit\u00e9 et r\u00e9duire les distractions dans les environnements ouverts. <\/span><span data-teams=\"true\">\u00a0<\/span><\/p>\n<p>Visiter\u00a0<a href=\"https:\/\/intoconcept.com\/fr\/reference\/mapvision-agile-office\/\">\u00e0<\/a>, o\u00f9 POD PHONE est activ\u00e9.<\/p>\n<p>Prix : <strong>6 640<\/strong> <strong>\u20ac<\/strong> - <strong>. <\/strong>(TVA 0 %)<br \/>\nLe fret et l'installation ne sont pas inclus dans le prix.<\/p>\n<p>&nbsp;<\/p>\n<p><iframe title=\"Lecteur vid\u00e9o YouTube\" src=\"https:\/\/www.youtube.com\/embed\/Jy4w0tH5C1Q?si=NoPKa399DGLlYA_8\" width=\"560\" height=\"315\" frameborder=\"0\" allowfullscreen=\"allowfullscreen\"><\/iframe><\/p>","protected":false},"featured_media":16350,"parent":0,"template":"","meta":{"_acf_changed":false,"_improvement_type_select":"improve_an_existing","_thumb_yes_seoaic":false,"_frame_yes_seoaic":false,"seoaic_generate_description":"","seoaic_improve_instructions_prompt":"","seoaic_rollback_content_improvement":"","seoaic_idea_thumbnail_generator":"","thumbnail_generated":false,"thumbnail_generate_prompt":"","seoaic_article_description":""},"product-category":[15],"class_list":["post-1589","product","type-product","status-publish","has-post-thumbnail","hentry","product-category-pod-huoneet"],"acf":[],"_links":{"self":[{"href":"https:\/\/intoconcept.com\/fr\/wp-json\/wp\/v2\/product\/1589","targetHints":{"allow":["GET"]}}],"collection":[{"href":"https:\/\/intoconcept.com\/fr\/wp-json\/wp\/v2\/product"}],"about":[{"href":"https:\/\/intoconcept.com\/fr\/wp-json\/wp\/v2\/types\/product"}],"wp:featuredmedia":[{"embeddable":true,"href":"https:\/\/intoconcept.com\/fr\/wp-json\/wp\/v2\/media\/16350"}],"wp:attachment":[{"href":"https:\/\/intoconcept.com\/fr\/wp-json\/wp\/v2\/media?parent=1589"}],"wp:term":[{"taxonomy":"product-category","embeddable":true,"href":"https:\/\/intoconcept.com\/fr\/wp-json\/wp\/v2\/product-category?post=1589"}],"curies":[{"name":"wp","href":"https:\/\/api.w.org\/{rel}","templated":true}]}}