{"id":17583,"date":"2024-02-29T15:28:38","date_gmt":"2024-02-29T13:28:38","guid":{"rendered":"https:\/\/intoconcept.com\/?post_type=product&#038;p=17583"},"modified":"2026-02-20T09:12:59","modified_gmt":"2026-02-20T09:12:59","slug":"porte-depliants-histoire-walliin","status":"publish","type":"product","link":"https:\/\/intoconcept.com\/fr\/produit\/porte-depliants-histoire-walliin\/","title":{"rendered":"STORY WALL - support de feuilles"},"content":{"rendered":"<p><strong>STORY WALL - support de feuilles<\/strong>\u00a0vous permet de pr\u00e9senter des magazines et des brochures dans le s\u00e9parateur d'espace. Le porte-brochures se fixe facilement dans la rainure du s\u00e9parateur.<\/p>\n<p>Prix : <strong>50 \u20ac<\/strong> (TVA 0%)<\/p>\n<p>&nbsp;<\/p>\n<p>&nbsp;<\/p>","protected":false},"featured_media":29115,"parent":0,"template":"","meta":{"_acf_changed":false,"_improvement_type_select":"improve_an_existing","_thumb_yes_seoaic":false,"_frame_yes_seoaic":false,"seoaic_generate_description":"","seoaic_improve_instructions_prompt":"","seoaic_rollback_content_improvement":"","seoaic_idea_thumbnail_generator":"","thumbnail_generated":false,"thumbnail_generate_prompt":"","seoaic_article_description":""},"product-category":[24],"class_list":["post-17583","product","type-product","status-publish","has-post-thumbnail","hentry","product-category-oheistuotteet"],"acf":[],"_links":{"self":[{"href":"https:\/\/intoconcept.com\/fr\/wp-json\/wp\/v2\/product\/17583","targetHints":{"allow":["GET"]}}],"collection":[{"href":"https:\/\/intoconcept.com\/fr\/wp-json\/wp\/v2\/product"}],"about":[{"href":"https:\/\/intoconcept.com\/fr\/wp-json\/wp\/v2\/types\/product"}],"wp:featuredmedia":[{"embeddable":true,"href":"https:\/\/intoconcept.com\/fr\/wp-json\/wp\/v2\/media\/29115"}],"wp:attachment":[{"href":"https:\/\/intoconcept.com\/fr\/wp-json\/wp\/v2\/media?parent=17583"}],"wp:term":[{"taxonomy":"product-category","embeddable":true,"href":"https:\/\/intoconcept.com\/fr\/wp-json\/wp\/v2\/product-category?post=17583"}],"curies":[{"name":"wp","href":"https:\/\/api.w.org\/{rel}","templated":true}]}}