{"id":17601,"date":"2024-02-29T15:12:48","date_gmt":"2024-02-29T13:12:48","guid":{"rendered":"https:\/\/intoconcept.com\/?post_type=product&#038;p=17601"},"modified":"2026-02-20T09:02:58","modified_gmt":"2026-02-20T09:02:58","slug":"jeu-de-flechettes-pour-le-mur-dhistoires","status":"publish","type":"product","link":"https:\/\/intoconcept.com\/fr\/produit\/jeu-de-flechettes-pour-le-mur-dhistoires\/","title":{"rendered":"Tableau d'affichage STORY WALL"},"content":{"rendered":"<p><strong data-start=\"133\" data-end=\"230\">STORY WALL - jeu de fl\u00e9chettes magn\u00e9tique<\/strong> vous permet de faire des pauses cr\u00e9atives au travail. La cible de fl\u00e9chettes est plac\u00e9e dans une rainure du s\u00e9parateur, o\u00f9 elle est maintenue fermement en place par des aimants \u00e0 l'int\u00e9rieur du s\u00e9parateur. La cible de fl\u00e9chettes est livr\u00e9e avec cinq fl\u00e9chettes.<\/p>\n<p>Prix :<strong> 180 \u20ac<\/strong> (TVA 0%)<\/p>\n<p>&nbsp;<\/p>\n<p>&nbsp;<\/p>","protected":false},"featured_media":29113,"parent":0,"template":"","meta":{"_acf_changed":false,"_improvement_type_select":"improve_an_existing","_thumb_yes_seoaic":false,"_frame_yes_seoaic":false,"seoaic_generate_description":"","seoaic_improve_instructions_prompt":"","seoaic_rollback_content_improvement":"","seoaic_idea_thumbnail_generator":"","thumbnail_generated":false,"thumbnail_generate_prompt":"","seoaic_article_description":""},"product-category":[24],"class_list":["post-17601","product","type-product","status-publish","has-post-thumbnail","hentry","product-category-oheistuotteet"],"acf":[],"_links":{"self":[{"href":"https:\/\/intoconcept.com\/fr\/wp-json\/wp\/v2\/product\/17601","targetHints":{"allow":["GET"]}}],"collection":[{"href":"https:\/\/intoconcept.com\/fr\/wp-json\/wp\/v2\/product"}],"about":[{"href":"https:\/\/intoconcept.com\/fr\/wp-json\/wp\/v2\/types\/product"}],"wp:featuredmedia":[{"embeddable":true,"href":"https:\/\/intoconcept.com\/fr\/wp-json\/wp\/v2\/media\/29113"}],"wp:attachment":[{"href":"https:\/\/intoconcept.com\/fr\/wp-json\/wp\/v2\/media?parent=17601"}],"wp:term":[{"taxonomy":"product-category","embeddable":true,"href":"https:\/\/intoconcept.com\/fr\/wp-json\/wp\/v2\/product-category?post=17601"}],"curies":[{"name":"wp","href":"https:\/\/api.w.org\/{rel}","templated":true}]}}