{"id":17614,"date":"2024-02-29T15:45:17","date_gmt":"2024-02-29T13:45:17","guid":{"rendered":"https:\/\/intoconcept.com\/?post_type=product&#038;p=17614"},"modified":"2026-02-20T08:59:57","modified_gmt":"2026-02-20T08:59:57","slug":"panier-de-basket-ball-mur-dhistoire","status":"publish","type":"product","link":"https:\/\/intoconcept.com\/fr\/produit\/panier-de-basket-ball-mur-dhistoire\/","title":{"rendered":"STORY WALL - panier de basket"},"content":{"rendered":"<p><strong data-start=\"133\" data-end=\"230\">STORY WALL - panier de basket <\/strong>rend les environnements de travail et d'apprentissage plus confortables.  Le panier de basket est plac\u00e9 dans une rainure de la cloison, o\u00f9 il est maintenu fermement en place par des aimants \u00e0 l'int\u00e9rieur de la cloison.<\/p>\n<p>Prix :<strong> 170 \u20ac<\/strong> (TVA 0%)<\/p>\n<p>&nbsp;<\/p>","protected":false},"featured_media":26184,"parent":0,"template":"","meta":{"_acf_changed":false,"_improvement_type_select":"improve_an_existing","_thumb_yes_seoaic":false,"_frame_yes_seoaic":false,"seoaic_generate_description":"","seoaic_improve_instructions_prompt":"","seoaic_rollback_content_improvement":"","seoaic_idea_thumbnail_generator":"","thumbnail_generated":false,"thumbnail_generate_prompt":"","seoaic_article_description":""},"product-category":[24],"class_list":["post-17614","product","type-product","status-publish","has-post-thumbnail","hentry","product-category-oheistuotteet"],"acf":[],"_links":{"self":[{"href":"https:\/\/intoconcept.com\/fr\/wp-json\/wp\/v2\/product\/17614","targetHints":{"allow":["GET"]}}],"collection":[{"href":"https:\/\/intoconcept.com\/fr\/wp-json\/wp\/v2\/product"}],"about":[{"href":"https:\/\/intoconcept.com\/fr\/wp-json\/wp\/v2\/types\/product"}],"wp:featuredmedia":[{"embeddable":true,"href":"https:\/\/intoconcept.com\/fr\/wp-json\/wp\/v2\/media\/26184"}],"wp:attachment":[{"href":"https:\/\/intoconcept.com\/fr\/wp-json\/wp\/v2\/media?parent=17614"}],"wp:term":[{"taxonomy":"product-category","embeddable":true,"href":"https:\/\/intoconcept.com\/fr\/wp-json\/wp\/v2\/product-category?post=17614"}],"curies":[{"name":"wp","href":"https:\/\/api.w.org\/{rel}","templated":true}]}}