{"id":17645,"date":"2024-02-29T16:23:26","date_gmt":"2024-02-29T14:23:26","guid":{"rendered":"https:\/\/intoconcept.com\/?post_type=product&#038;p=17645"},"modified":"2026-02-20T10:15:18","modified_gmt":"2026-02-20T10:15:18","slug":"mur-dhistoire-de-letagere-longue","status":"publish","type":"product","link":"https:\/\/intoconcept.com\/fr\/produit\/mur-dhistoire-de-letagere-longue\/","title":{"rendered":"STORY WALL - \u00e9tag\u00e8re longue"},"content":{"rendered":"<p><strong>STORY WALL - \u00e9tag\u00e8re longue<\/strong>\u00a0permet d'exposer des objets d\u00e9coratifs, des plantes et d'autres \u00e9l\u00e9ments dans une s\u00e9paration de pi\u00e8ce. La longue \u00e9tag\u00e8re se fixe facilement dans la rainure de la cloison.<\/p>\n<p>Prix : <strong>110 \u20ac<\/strong> (TVA 0%)<\/p>","protected":false},"featured_media":29120,"parent":0,"template":"","meta":{"_acf_changed":false,"_improvement_type_select":"improve_an_existing","_thumb_yes_seoaic":false,"_frame_yes_seoaic":false,"seoaic_generate_description":"","seoaic_improve_instructions_prompt":"","seoaic_rollback_content_improvement":"","seoaic_idea_thumbnail_generator":"","thumbnail_generated":false,"thumbnail_generate_prompt":"","seoaic_article_description":""},"product-category":[24],"class_list":["post-17645","product","type-product","status-publish","has-post-thumbnail","hentry","product-category-oheistuotteet"],"acf":[],"_links":{"self":[{"href":"https:\/\/intoconcept.com\/fr\/wp-json\/wp\/v2\/product\/17645","targetHints":{"allow":["GET"]}}],"collection":[{"href":"https:\/\/intoconcept.com\/fr\/wp-json\/wp\/v2\/product"}],"about":[{"href":"https:\/\/intoconcept.com\/fr\/wp-json\/wp\/v2\/types\/product"}],"wp:featuredmedia":[{"embeddable":true,"href":"https:\/\/intoconcept.com\/fr\/wp-json\/wp\/v2\/media\/29120"}],"wp:attachment":[{"href":"https:\/\/intoconcept.com\/fr\/wp-json\/wp\/v2\/media?parent=17645"}],"wp:term":[{"taxonomy":"product-category","embeddable":true,"href":"https:\/\/intoconcept.com\/fr\/wp-json\/wp\/v2\/product-category?post=17645"}],"curies":[{"name":"wp","href":"https:\/\/api.w.org\/{rel}","templated":true}]}}