{"id":17658,"date":"2024-02-29T16:18:11","date_gmt":"2024-02-29T14:18:11","guid":{"rendered":"https:\/\/intoconcept.com\/?post_type=product&#038;p=17658"},"modified":"2026-02-20T10:09:54","modified_gmt":"2026-02-20T10:09:54","slug":"lime-a-ongles-longue-pour-le-mur-dhistoire","status":"publish","type":"product","link":"https:\/\/intoconcept.com\/fr\/produit\/lime-a-ongles-longue-pour-le-mur-dhistoire\/","title":{"rendered":"MUR D'HISTOIRE - \u00e9tag\u00e8re \u00e0 clous longs"},"content":{"rendered":"<p><strong>MUR D'HISTOIRE - \u00e9tag\u00e8re \u00e0 clous longs<\/strong>\u00a0vous permet de suspendre vos v\u00eatements et vos sacs sur le s\u00e9parateur. Le long crochet comporte neuf pat\u00e8res et se fixe facilement \u00e0 la fente du s\u00e9parateur.<\/p>\n<p>Prix : <strong>110 \u20ac <\/strong>(TVA 0%)<\/p>\n<p>&nbsp;<\/p>","protected":false},"featured_media":29119,"parent":0,"template":"","meta":{"_acf_changed":false,"_improvement_type_select":"improve_an_existing","_thumb_yes_seoaic":false,"_frame_yes_seoaic":false,"seoaic_generate_description":"","seoaic_improve_instructions_prompt":"","seoaic_rollback_content_improvement":"","seoaic_idea_thumbnail_generator":"","thumbnail_generated":false,"thumbnail_generate_prompt":"","seoaic_article_description":""},"product-category":[24],"class_list":["post-17658","product","type-product","status-publish","has-post-thumbnail","hentry","product-category-oheistuotteet"],"acf":[],"_links":{"self":[{"href":"https:\/\/intoconcept.com\/fr\/wp-json\/wp\/v2\/product\/17658","targetHints":{"allow":["GET"]}}],"collection":[{"href":"https:\/\/intoconcept.com\/fr\/wp-json\/wp\/v2\/product"}],"about":[{"href":"https:\/\/intoconcept.com\/fr\/wp-json\/wp\/v2\/types\/product"}],"wp:featuredmedia":[{"embeddable":true,"href":"https:\/\/intoconcept.com\/fr\/wp-json\/wp\/v2\/media\/29119"}],"wp:attachment":[{"href":"https:\/\/intoconcept.com\/fr\/wp-json\/wp\/v2\/media?parent=17658"}],"wp:term":[{"taxonomy":"product-category","embeddable":true,"href":"https:\/\/intoconcept.com\/fr\/wp-json\/wp\/v2\/product-category?post=17658"}],"curies":[{"name":"wp","href":"https:\/\/api.w.org\/{rel}","templated":true}]}}