{"id":18153,"date":"2024-12-04T11:19:58","date_gmt":"2024-12-04T09:19:58","guid":{"rendered":"https:\/\/intoconcept.com\/?post_type=product&#038;p=18153"},"modified":"2026-04-13T11:45:04","modified_gmt":"2026-04-13T11:45:04","slug":"salle-de-reunion-pod-max-pour-un-groupe-plus-important","status":"publish","type":"product","link":"https:\/\/intoconcept.com\/fr\/produit\/salle-de-reunion-pod-max-pour-un-groupe-plus-important\/","title":{"rendered":"Salle de r\u00e9union POD MAX pour un groupe plus important"},"content":{"rendered":"<p><strong>POD MAX<\/strong>\u00a0<span data-teams=\"true\">Insonorisation de classe A<\/span> une salle de r\u00e9union, parfaite pour accueillir 8 \u00e0 12 personnes pour des r\u00e9unions et des n\u00e9gociations plus importantes.<\/p>\n<p>Prix : <strong>33 235 \u20ac<\/strong> -<strong> .<\/strong><strong>\u00a0<\/strong>(TVA 0 %)<br \/>\nLe fret et l'installation ne sont pas inclus dans le prix.<\/p>\n<p>&nbsp;<\/p>\n<p><iframe title=\"Lecteur vid\u00e9o YouTube\" src=\"https:\/\/www.youtube.com\/embed\/Jy4w0tH5C1Q?si=NoPKa399DGLlYA_8\" width=\"560\" height=\"315\" frameborder=\"0\" allowfullscreen=\"allowfullscreen\"><\/iframe><\/p>","protected":false},"featured_media":29087,"parent":0,"template":"","meta":{"_acf_changed":false,"_improvement_type_select":"improve_an_existing","_thumb_yes_seoaic":false,"_frame_yes_seoaic":false,"seoaic_generate_description":"","seoaic_improve_instructions_prompt":"","seoaic_rollback_content_improvement":"","seoaic_idea_thumbnail_generator":"","thumbnail_generated":false,"thumbnail_generate_prompt":"","seoaic_article_description":""},"product-category":[15],"class_list":["post-18153","product","type-product","status-publish","has-post-thumbnail","hentry","product-category-pod-huoneet"],"acf":[],"_links":{"self":[{"href":"https:\/\/intoconcept.com\/fr\/wp-json\/wp\/v2\/product\/18153","targetHints":{"allow":["GET"]}}],"collection":[{"href":"https:\/\/intoconcept.com\/fr\/wp-json\/wp\/v2\/product"}],"about":[{"href":"https:\/\/intoconcept.com\/fr\/wp-json\/wp\/v2\/types\/product"}],"wp:featuredmedia":[{"embeddable":true,"href":"https:\/\/intoconcept.com\/fr\/wp-json\/wp\/v2\/media\/29087"}],"wp:attachment":[{"href":"https:\/\/intoconcept.com\/fr\/wp-json\/wp\/v2\/media?parent=18153"}],"wp:term":[{"taxonomy":"product-category","embeddable":true,"href":"https:\/\/intoconcept.com\/fr\/wp-json\/wp\/v2\/product-category?post=18153"}],"curies":[{"name":"wp","href":"https:\/\/api.w.org\/{rel}","templated":true}]}}